{"id":201,"date":"2025-12-19T11:25:47","date_gmt":"2025-12-19T11:25:47","guid":{"rendered":"https:\/\/bluedothotel.fr\/?page_id=201"},"modified":"2026-03-20T09:57:08","modified_gmt":"2026-03-20T09:57:08","slug":"zimmer","status":"publish","type":"page","link":"https:\/\/bluedothotel.fr\/de\/rooms\/","title":{"rendered":"Zimmer"},"content":{"rendered":"<div class=\"et_pb_section_0 et_pb_section et_section_regular et_flex_section section_has_divider et_pb_bottom_divider\">\n<div class=\"et_pb_row_0 et_pb_row et_flex_row preset--module--divi-row--default\">\n<div class=\"et_pb_column_0 et_pb_column et-last-child et_flex_column et_pb_css_mix_blend_mode_passthrough et_flex_column_24_24 et_flex_column_24_24_tablet et_flex_column_24_24_phone\">\n<div class=\"et_pb_text_0 et_pb_text et_pb_bg_layout_light et_animated et_pb_module et_flex_module\"><div class=\"et_pb_text_inner\"><h1>Zimmer &amp; Preise<\/h1>\n<\/div><\/div>\n\n<div class=\"et_pb_text_1 et_pb_text et_pb_bg_layout_light et_animated et_pb_module et_flex_module et_flex_column_16_24 et_flex_column_16_24_tablet et_flex_column_24_24_phone\"><div class=\"et_pb_text_inner\"><p>Unsere Zimmer sind auf Komfort, Ruhe und Einfachheit ausgelegt. Jedes Zimmer bietet einen ruhigen Ort zum Entspannen, mit Zugang zu Gemeinschaftsr\u00e4umen, dem Schwimmbad und der umliegenden Landschaft.<\/p>\n<\/div><\/div>\n<\/div>\n<\/div>\n<div class=\"et_pb_bottom_inside_divider et-no-transition\"><\/div><\/div>\n\n<div class=\"et_pb_section_1 et_pb_section et_section_regular et_flex_section\">\n<div class=\"et_pb_row_1 et_pb_row et_flex_row preset--module--divi-row--default\">\n<div class=\"et_pb_column_1 et_pb_column et-last-child et_flex_column et_pb_css_mix_blend_mode_passthrough et_flex_column_24_24 et_flex_column_24_24_tablet et_flex_column_24_24_phone\">\n<div class=\"et_pb_text_2 et_pb_text et_pb_bg_layout_light et_animated et_pb_module et_flex_module\"><div class=\"et_pb_text_inner\"><h2>Zimmer &amp; Suiten<\/h2>\n<\/div><\/div>\n\n<div class=\"et_pb_text_3 et_pb_text et_pb_bg_layout_light et_animated et_pb_module et_flex_module\"><div class=\"et_pb_text_inner\"><p>Wir verf\u00fcgen \u00fcber drei ger\u00e4umige Deluxe-Zimmer und ein kleineres Zimmer mit Verbindungst\u00fcr, das sich ideal als Kinderzimmer oder f\u00fcr eine Gro\u00dffamilie eignet. Alle Zimmer verf\u00fcgen \u00fcber ein eigenes Bad und Zugang zu unserer Gemeinschaftslounge, dem Essbereich, dem Swimmingpool und dem Fitnessraum. Wenn Sie als Gruppe oder Familie reisen, k\u00f6nnen die Zimmer auf Anfrage kombiniert werden.<\/p>\n<p>Zimmer 1 und 2 k\u00f6nnen zu einer Einheit verbunden werden, die bis zu vier G\u00e4ste beherbergen kann. In diesem Fall bieten wir Ihnen% 10 Rabatt auf den Gesamtpreis. Familien mit Kindern empfehlen wir Zimmer 3. Zimmer 3 kann auf Anfrage auch erweitert werden und bis zu sechs G\u00e4ste beherbergen. Bitte erkundigen Sie sich nach den M\u00f6glichkeiten.<\/p>\n<\/div><\/div>\n\n<div class=\"et_pb_row_2 et_pb_row et_pb_row_nested et_flex_row preset--module--divi-row--default\">\n<div class=\"et_pb_column_2 et_pb_column et_flex_column et_pb_css_mix_blend_mode_passthrough et_flex_column_8_24 et_flex_column_8_24_tablet et_flex_column_24_24_phone\">\n<div class=\"et_pb_image_0 et_pb_image et_animated et_pb_module et_flex_module\"><span class=\"et_pb_image_wrap\"><img loading=\"lazy\" decoding=\"async\" src=\"https:\/\/bluedothotel.fr\/wp-content\/uploads\/2026\/01\/vegan-bed-and-breakfast-france-Room-2-1.jpg\" title=\"veganes bed and breakfast frankreich Zimmer 2\" width=\"1000\" height=\"800\" srcset=\"https:\/\/bluedothotel.fr\/wp-content\/uploads\/2026\/01\/vegan-bed-and-breakfast-france-Room-2-1.jpg 1000w, https:\/\/bluedothotel.fr\/wp-content\/uploads\/2026\/01\/vegan-bed-and-breakfast-france-Room-2-1-980x784.jpg 980w, https:\/\/bluedothotel.fr\/wp-content\/uploads\/2026\/01\/vegan-bed-and-breakfast-france-Room-2-1-480x384.jpg 480w\" sizes=\"(min-width: 0px) and (max-width: 480px) 480px, (min-width: 481px) and (max-width: 980px) 980px, (min-width: 981px) 1000px, 100vw\" class=\"wp-image-461\" \/><\/span><\/div>\n\n<div class=\"et_pb_group_0 et_pb_group et-last-child et_pb_module et_flex_group et_pb_css_mix_blend_mode_passthrough\">\n<div class=\"et_pb_text_4 et_pb_text et_pb_bg_layout_light et_animated et_pb_module et_flex_module\"><div class=\"et_pb_text_inner\"><h4>Luxuri\u00f6ses Zimmer 1 (2p)<\/h4>\n<\/div><\/div>\n\n<div class=\"et_pb_text_5 et_pb_text et_pb_bg_layout_light et_animated et_pb_module et_flex_module\"><div class=\"et_pb_text_inner\"><p>Ein helles und ruhiges Doppelzimmer, das zum Entspannen einl\u00e4dt, mit nat\u00fcrlichen Materialien und einer ruhigen, komfortablen Atmosph\u00e4re. Ideal f\u00fcr Paare oder Alleinreisende, die Ruhe und Einfachheit suchen.<\/p>\n<\/div><\/div>\n\n<div class=\"et_pb_module et_pb_button_module_wrapper et_pb_button_0_wrapper\"><a class=\"et_pb_button_0 et_pb_button et_pb_bg_layout_light et_animated et_pb_module et_flex_module\" href=\"https:\/\/bluedothotel.fr\/de\/zimmer\/veganes-bed-breakfast-in-frankreich-luxuszimmer-fur-2-personen\/\">Luxuri\u00f6ses Zimmer ansehen<\/a><\/div>\n\n<div class=\"et_pb_text_6 et_pb_text et_pb_bg_layout_light et_animated et_pb_module et_flex_module\"><div class=\"et_pb_text_inner\"><p>Sehen Sie, was alles enthalten ist...<\/p>\n<\/div><\/div>\n<\/div>\n<\/div>\n\n<div class=\"et_pb_column_3 et_pb_column et_flex_column et_pb_css_mix_blend_mode_passthrough et_flex_column_8_24 et_flex_column_8_24_tablet et_flex_column_24_24_phone\">\n<div class=\"et_pb_image_1 et_pb_image et_animated et_pb_module et_flex_module\"><span class=\"et_pb_image_wrap\"><img loading=\"lazy\" decoding=\"async\" src=\"https:\/\/bluedothotel.fr\/wp-content\/uploads\/2026\/01\/vegan-bed-and-breakfast-france-room-1-1.jpg\" title=\"veganes bed and breakfast frankreich zimmer 1\" width=\"1000\" height=\"800\" srcset=\"https:\/\/bluedothotel.fr\/wp-content\/uploads\/2026\/01\/vegan-bed-and-breakfast-france-room-1-1.jpg 1000w, https:\/\/bluedothotel.fr\/wp-content\/uploads\/2026\/01\/vegan-bed-and-breakfast-france-room-1-1-980x784.jpg 980w, https:\/\/bluedothotel.fr\/wp-content\/uploads\/2026\/01\/vegan-bed-and-breakfast-france-room-1-1-480x384.jpg 480w\" sizes=\"(min-width: 0px) and (max-width: 480px) 480px, (min-width: 481px) and (max-width: 980px) 980px, (min-width: 981px) 1000px, 100vw\" class=\"wp-image-462\" \/><\/span><\/div>\n\n<div class=\"et_pb_group_1 et_pb_group et-last-child et_pb_module et_flex_group et_pb_css_mix_blend_mode_passthrough\">\n<div class=\"et_pb_text_7 et_pb_text et_pb_bg_layout_light et_animated et_pb_module et_flex_module\"><div class=\"et_pb_text_inner\"><h4>Luxuri\u00f6ses Zimmer 2 (2p)<\/h4>\n<\/div><\/div>\n\n<div class=\"et_pb_text_8 et_pb_text et_pb_bg_layout_light et_animated et_pb_module et_flex_module\"><div class=\"et_pb_text_inner\"><p>Ein ger\u00e4umiges Deluxe-Zimmer, kombiniert mit einem angrenzenden kleineren Schlafzimmer, ideal f\u00fcr Familien oder Freunde, die gemeinsam reisen. Komfort, Privatsph\u00e4re und Flexibilit\u00e4t in einer ruhigen Umgebung.<\/p>\n<\/div><\/div>\n\n<div class=\"et_pb_module et_pb_button_module_wrapper et_pb_button_1_wrapper\"><a class=\"et_pb_button_1 et_pb_button et_pb_bg_layout_light et_animated et_pb_module et_flex_module\" href=\"https:\/\/bluedothotel.fr\/de\/zimmer\/frankreich-vegan-bed-and-breakfast-luxuszimmer-2-personen\/\">Luxuri\u00f6ses Zimmer ansehen<\/a><\/div>\n\n<div class=\"et_pb_text_9 et_pb_text et_pb_bg_layout_light et_animated et_pb_module et_flex_module\"><div class=\"et_pb_text_inner\"><p>Sehen Sie, was alles enthalten ist...<\/p>\n<\/div><\/div>\n<\/div>\n<\/div>\n\n<div class=\"et_pb_column_4 et_pb_column et-last-child et_flex_column et_pb_css_mix_blend_mode_passthrough et_flex_column_8_24 et_flex_column_8_24_tablet et_flex_column_24_24_phone\">\n<div class=\"et_pb_image_2 et_pb_image et_animated et_pb_module et_flex_module\"><span class=\"et_pb_image_wrap\"><img loading=\"lazy\" decoding=\"async\" src=\"https:\/\/bluedothotel.fr\/wp-content\/uploads\/2026\/01\/vegan-bed-and-breakfast-france-Room-3.jpg\" title=\"veganes bed and breakfast frankreich Zimmer 3\" width=\"1000\" height=\"800\" srcset=\"https:\/\/bluedothotel.fr\/wp-content\/uploads\/2026\/01\/vegan-bed-and-breakfast-france-Room-3.jpg 1000w, https:\/\/bluedothotel.fr\/wp-content\/uploads\/2026\/01\/vegan-bed-and-breakfast-france-Room-3-980x784.jpg 980w, https:\/\/bluedothotel.fr\/wp-content\/uploads\/2026\/01\/vegan-bed-and-breakfast-france-Room-3-480x384.jpg 480w\" sizes=\"(min-width: 0px) and (max-width: 480px) 480px, (min-width: 481px) and (max-width: 980px) 980px, (min-width: 981px) 1000px, 100vw\" class=\"wp-image-455\" \/><\/span><\/div>\n\n<div class=\"et_pb_group_2 et_pb_group et-last-child et_pb_module et_flex_group et_pb_css_mix_blend_mode_passthrough\">\n<div class=\"et_pb_text_10 et_pb_text et_pb_bg_layout_light et_animated et_pb_module et_flex_module\"><div class=\"et_pb_text_inner\"><h4>Luxuri\u00f6ses Zimmer 3 (2-6p)<\/h4>\n<\/div><\/div>\n\n<div class=\"et_pb_text_11 et_pb_text et_pb_bg_layout_light et_animated et_pb_module et_flex_module\"><div class=\"et_pb_text_inner\"><p>Mehrere kombinierte Zimmer f\u00fcr Gruppen von bis zu acht Personen. Ideal f\u00fcr Familien, Freunde oder kleine R\u00fcckzugsorte, die Privatsph\u00e4re, Komfort und gemeinsame R\u00e4ume genie\u00dfen m\u00f6chten.<\/p>\n<\/div><\/div>\n\n<div class=\"et_pb_module et_pb_button_module_wrapper et_pb_button_2_wrapper\"><a class=\"et_pb_button_2 et_pb_button et_pb_bg_layout_light et_animated et_pb_module et_flex_module\" href=\"https:\/\/bluedothotel.fr\/de\/zimmer\/frankreich-vegan-bed-and-breakfast-luxuszimmer-4-personen\/\">Blick ins luxuri\u00f6se (Familien-)Zimmer<\/a><\/div>\n\n<div class=\"et_pb_text_12 et_pb_text et_pb_bg_layout_light et_animated et_pb_module et_flex_module\"><div class=\"et_pb_text_inner\"><p>Sehen Sie, was alles enthalten ist...<\/p>\n<\/div><\/div>\n<\/div>\n<\/div>\n<\/div>\n<\/div>\n<\/div>\n<\/div>","protected":false},"excerpt":{"rendered":"","protected":false},"author":1,"featured_media":0,"parent":0,"menu_order":0,"comment_status":"closed","ping_status":"closed","template":"","meta":{"footnotes":""},"class_list":["post-201","page","type-page","status-publish","hentry"],"yoast_head":"<!-- This site is optimized with the Yoast SEO plugin v27.4 - https:\/\/yoast.com\/product\/yoast-seo-wordpress\/ -->\n<title>Rooms - Blue Dot Hotel<\/title>\n<meta name=\"robots\" content=\"index, follow, max-snippet:-1, max-image-preview:large, max-video-preview:-1\" \/>\n<link rel=\"canonical\" href=\"https:\/\/bluedothotel.fr\/de\/zimmer\/\" \/>\n<meta property=\"og:locale\" content=\"de_DE\" \/>\n<meta property=\"og:type\" content=\"article\" \/>\n<meta property=\"og:title\" content=\"Rooms - Blue Dot Hotel\" \/>\n<meta property=\"og:url\" content=\"https:\/\/bluedothotel.fr\/de\/zimmer\/\" \/>\n<meta property=\"og:site_name\" content=\"Blue Dot Hotel\" \/>\n<meta property=\"article:modified_time\" content=\"2026-03-20T09:57:08+00:00\" \/>\n<meta name=\"twitter:card\" content=\"summary_large_image\" \/>\n<script type=\"application\/ld+json\" class=\"yoast-schema-graph\">{\"@context\":\"https:\\\/\\\/schema.org\",\"@graph\":[{\"@type\":\"WebPage\",\"@id\":\"https:\\\/\\\/bluedothotel.fr\\\/rooms\\\/\",\"url\":\"https:\\\/\\\/bluedothotel.fr\\\/rooms\\\/\",\"name\":\"Rooms - Blue Dot Hotel\",\"isPartOf\":{\"@id\":\"https:\\\/\\\/bluedothotel.fr\\\/#website\"},\"datePublished\":\"2025-12-19T11:25:47+00:00\",\"dateModified\":\"2026-03-20T09:57:08+00:00\",\"breadcrumb\":{\"@id\":\"https:\\\/\\\/bluedothotel.fr\\\/rooms\\\/#breadcrumb\"},\"inLanguage\":\"de\",\"potentialAction\":[{\"@type\":\"ReadAction\",\"target\":[\"https:\\\/\\\/bluedothotel.fr\\\/rooms\\\/\"]}]},{\"@type\":\"BreadcrumbList\",\"@id\":\"https:\\\/\\\/bluedothotel.fr\\\/rooms\\\/#breadcrumb\",\"itemListElement\":[{\"@type\":\"ListItem\",\"position\":1,\"name\":\"Home\",\"item\":\"https:\\\/\\\/bluedothotel.fr\\\/\"},{\"@type\":\"ListItem\",\"position\":2,\"name\":\"Rooms\"}]},{\"@type\":\"WebSite\",\"@id\":\"https:\\\/\\\/bluedothotel.fr\\\/#website\",\"url\":\"https:\\\/\\\/bluedothotel.fr\\\/\",\"name\":\"Blue Dot Hotel\",\"description\":\"100% Vegan B&amp;B\",\"publisher\":{\"@id\":\"https:\\\/\\\/bluedothotel.fr\\\/#organization\"},\"potentialAction\":[{\"@type\":\"SearchAction\",\"target\":{\"@type\":\"EntryPoint\",\"urlTemplate\":\"https:\\\/\\\/bluedothotel.fr\\\/?s={search_term_string}\"},\"query-input\":{\"@type\":\"PropertyValueSpecification\",\"valueRequired\":true,\"valueName\":\"search_term_string\"}}],\"inLanguage\":\"de\"},{\"@type\":\"Organization\",\"@id\":\"https:\\\/\\\/bluedothotel.fr\\\/#organization\",\"name\":\"Blue Dot Hotel\",\"url\":\"https:\\\/\\\/bluedothotel.fr\\\/\",\"logo\":{\"@type\":\"ImageObject\",\"inLanguage\":\"de\",\"@id\":\"https:\\\/\\\/bluedothotel.fr\\\/#\\\/schema\\\/logo\\\/image\\\/\",\"url\":\"https:\\\/\\\/bluedothotel.fr\\\/wp-content\\\/uploads\\\/2026\\\/01\\\/vegan-bed-and-breakfast-france-logo.png\",\"contentUrl\":\"https:\\\/\\\/bluedothotel.fr\\\/wp-content\\\/uploads\\\/2026\\\/01\\\/vegan-bed-and-breakfast-france-logo.png\",\"width\":500,\"height\":94,\"caption\":\"Blue Dot Hotel\"},\"image\":{\"@id\":\"https:\\\/\\\/bluedothotel.fr\\\/#\\\/schema\\\/logo\\\/image\\\/\"}}]}<\/script>\n<!-- \/ Yoast SEO plugin. -->","yoast_head_json":{"title":"Zimmer - Blue Dot Hotel","robots":{"index":"index","follow":"follow","max-snippet":"max-snippet:-1","max-image-preview":"max-image-preview:large","max-video-preview":"max-video-preview:-1"},"canonical":"https:\/\/bluedothotel.fr\/de\/zimmer\/","og_locale":"de_DE","og_type":"article","og_title":"Rooms - Blue Dot Hotel","og_url":"https:\/\/bluedothotel.fr\/de\/zimmer\/","og_site_name":"Blue Dot Hotel","article_modified_time":"2026-03-20T09:57:08+00:00","twitter_card":"summary_large_image","schema":{"@context":"https:\/\/schema.org","@graph":[{"@type":"WebPage","@id":"https:\/\/bluedothotel.fr\/rooms\/","url":"https:\/\/bluedothotel.fr\/rooms\/","name":"Zimmer - Blue Dot Hotel","isPartOf":{"@id":"https:\/\/bluedothotel.fr\/#website"},"datePublished":"2025-12-19T11:25:47+00:00","dateModified":"2026-03-20T09:57:08+00:00","breadcrumb":{"@id":"https:\/\/bluedothotel.fr\/rooms\/#breadcrumb"},"inLanguage":"de","potentialAction":[{"@type":"ReadAction","target":["https:\/\/bluedothotel.fr\/rooms\/"]}]},{"@type":"BreadcrumbList","@id":"https:\/\/bluedothotel.fr\/rooms\/#breadcrumb","itemListElement":[{"@type":"ListItem","position":1,"name":"Home","item":"https:\/\/bluedothotel.fr\/"},{"@type":"ListItem","position":2,"name":"Rooms"}]},{"@type":"WebSite","@id":"https:\/\/bluedothotel.fr\/#website","url":"https:\/\/bluedothotel.fr\/","name":"Blue Dot Hotel","description":"100% Veganes B&amp;B","publisher":{"@id":"https:\/\/bluedothotel.fr\/#organization"},"potentialAction":[{"@type":"SearchAction","target":{"@type":"EntryPoint","urlTemplate":"https:\/\/bluedothotel.fr\/?s={search_term_string}"},"query-input":{"@type":"PropertyValueSpecification","valueRequired":true,"valueName":"search_term_string"}}],"inLanguage":"de"},{"@type":"Organization","@id":"https:\/\/bluedothotel.fr\/#organization","name":"Blue Dot Hotel","url":"https:\/\/bluedothotel.fr\/","logo":{"@type":"ImageObject","inLanguage":"de","@id":"https:\/\/bluedothotel.fr\/#\/schema\/logo\/image\/","url":"https:\/\/bluedothotel.fr\/wp-content\/uploads\/2026\/01\/vegan-bed-and-breakfast-france-logo.png","contentUrl":"https:\/\/bluedothotel.fr\/wp-content\/uploads\/2026\/01\/vegan-bed-and-breakfast-france-logo.png","width":500,"height":94,"caption":"Blue Dot Hotel"},"image":{"@id":"https:\/\/bluedothotel.fr\/#\/schema\/logo\/image\/"}}]}},"_links":{"self":[{"href":"https:\/\/bluedothotel.fr\/de\/wp-json\/wp\/v2\/pages\/201","targetHints":{"allow":["GET"]}}],"collection":[{"href":"https:\/\/bluedothotel.fr\/de\/wp-json\/wp\/v2\/pages"}],"about":[{"href":"https:\/\/bluedothotel.fr\/de\/wp-json\/wp\/v2\/types\/page"}],"author":[{"embeddable":true,"href":"https:\/\/bluedothotel.fr\/de\/wp-json\/wp\/v2\/users\/1"}],"replies":[{"embeddable":true,"href":"https:\/\/bluedothotel.fr\/de\/wp-json\/wp\/v2\/comments?post=201"}],"version-history":[{"count":32,"href":"https:\/\/bluedothotel.fr\/de\/wp-json\/wp\/v2\/pages\/201\/revisions"}],"predecessor-version":[{"id":611,"href":"https:\/\/bluedothotel.fr\/de\/wp-json\/wp\/v2\/pages\/201\/revisions\/611"}],"wp:attachment":[{"href":"https:\/\/bluedothotel.fr\/de\/wp-json\/wp\/v2\/media?parent=201"}],"curies":[{"name":"wp","href":"https:\/\/api.w.org\/{rel}","templated":true}]}}