{"id":23,"date":"2025-12-05T14:45:08","date_gmt":"2025-12-05T14:45:08","guid":{"rendered":"https:\/\/bluedothotel.fr\/?page_id=23"},"modified":"2026-04-09T01:37:04","modified_gmt":"2026-04-09T01:37:04","slug":"buchzahlung","status":"publish","type":"page","link":"https:\/\/bluedothotel.fr\/de\/book-pay\/","title":{"rendered":"Buchen &amp; Bezahlen"},"content":{"rendered":"<div class=\"et_pb_section_0 et_pb_section et_section_regular et_flex_section section_has_divider et_pb_bottom_divider\">\n<div class=\"et_pb_row_0 et_pb_row et_flex_row preset--module--divi-row--default\">\n<div class=\"et_pb_column_0 et_pb_column et-last-child et_flex_column et_pb_css_mix_blend_mode_passthrough et_flex_column_24_24 et_flex_column_24_24_tablet et_flex_column_24_24_phone\">\n<div class=\"et_pb_text_0 et_pb_text et_pb_bg_layout_light et_animated et_pb_module et_flex_module\"><div class=\"et_pb_text_inner\"><h1>Buchen &amp; Bezahlen<\/h1>\n<\/div><\/div>\n\n<div class=\"et_pb_text_1 et_pb_text et_pb_bg_layout_light et_animated et_pb_module et_flex_module et_flex_column_16_24 et_flex_column_16_24_tablet et_flex_column_24_24_phone\"><div class=\"et_pb_text_inner\"><p>Wir freuen uns darauf, Sie im Blue Dot Hotel begr\u00fc\u00dfen zu d\u00fcrfen und Ihnen einen entspannten, nachhaltigen und vollst\u00e4ndig veganen Aufenthalt im Herzen Frankreichs zu bieten.<\/p>\n<\/div><\/div>\n<\/div>\n<\/div>\n<div class=\"et_pb_bottom_inside_divider et-no-transition\"><\/div><\/div>\n\n<div class=\"et_pb_section_1 et_pb_section et_section_regular et_block_section\">\n<div class=\"et_pb_row_1 et_pb_row et_flex_row preset--module--divi-row--default\">\n<div class=\"et_pb_column_1 et_pb_column et_flex_column et_pb_css_mix_blend_mode_passthrough et_flex_column_2_5 et_flex_column_2_5_tablet et_flex_column_24_24_phone\">\n<div class=\"et_pb_text_2 et_pb_text et_pb_bg_layout_light et_animated et_pb_module et_flex_module\"><div class=\"et_pb_text_inner\"><h2>Zahlung, Stornierungsregeln<\/h2>\n<\/div><\/div>\n\n<div class=\"et_pb_text_3 et_pb_text et_pb_bg_layout_light et_animated et_pb_module et_flex_module\"><div class=\"et_pb_text_inner\"><p>M\u00f6chten Sie telefonisch reservieren oder haben Sie Fragen?<\/p>\n<p>Rufen Sie gerne an: <a href=\"tel:0031-643039039\"><strong>0031-643039039<\/strong><\/a><\/p>\n<\/div><\/div>\n\n<div class=\"et_pb_toggle_0 et_pb_toggle et_pb_toggle_item et_pb_toggle_close et_animated et_pb_module et_flex_module\"><h5 class=\"et_pb_toggle_title\">1 Tag Buchung<\/h5><div class=\"et_pb_toggle_content clearfix et_flex_module\"><p>Buchungen f\u00fcr 1 Tag sind m\u00f6glich; bitte kontaktieren Sie uns dazu per Telefon oder E-Mail.<\/p>\n<\/div><\/div>\n\n<div class=\"et_pb_toggle_1 et_pb_toggle et_pb_toggle_item et_pb_toggle_close et_animated et_pb_module et_flex_module\"><h5 class=\"et_pb_toggle_title\">L\u00e4nger als 2 Wochen<\/h5><div class=\"et_pb_toggle_content clearfix et_flex_module\"><p>Planen Sie einen Aufenthalt von mehr als zwei Wochen? Bitte kontaktieren Sie uns per Telefon oder E-Mail.<\/p>\n<\/div><\/div>\n\n<div class=\"et_pb_toggle_2 et_pb_toggle et_pb_toggle_item et_pb_toggle_close et_animated et_pb_module et_flex_module\"><h5 class=\"et_pb_toggle_title\">Gruppenaufenthalte (5-8 Personen)<\/h5><div class=\"et_pb_toggle_content clearfix et_flex_module\"><p>Wir haben Verf\u00fcgbarkeiten f\u00fcr Gruppen bis 10 Personen, bitte fragen Sie nach den M\u00f6glichkeiten.<\/p>\n<\/div><\/div>\n\n<div class=\"et_pb_toggle_3 et_pb_toggle et_pb_toggle_item et_pb_toggle_close et_animated et_pb_module et_flex_module\"><h5 class=\"et_pb_toggle_title\">Zahlung<\/h5><div class=\"et_pb_toggle_content clearfix et_flex_module\"><ul>\n<li>\n<div><span>Wenn Ihr geplanter Aufenthalt eine Woche oder k\u00fcrzer ist oder auf einer Last-Minute-Buchung beruht, bitten wir Sie, den Gesamtbetrag Ihres Aufenthalts direkt auf die unten angegebene Kontonummer zu \u00fcberweisen.<\/span><\/div>\n<\/li>\n<li>\n<div><span>Nach der tats\u00e4chlichen Buchung auf der Grundlage gegenseitigen Einvernehmens erkl\u00e4ren Sie sich automatisch mit unserer Zahlung, Stornierung und\u00a0<\/span><span>Hausordnung.  Diese wird auf Anfrage zur Verf\u00fcgung gestellt.<\/span><\/div>\n<\/li>\n<li>\n<div><span>Unsere Bankkontonummer lautet: FR76 1950 6000 1128 1449 5111 735<\/span><b><span>\u00a0<\/span><\/b><span>Der Kontoname ist H.A de Bree. Bitte nennen Sie Ihren Namen, das Ankunfts- und Abreisedatum.<\/span><\/div>\n<\/li>\n<li>\n<div><span>Die Bezahlung in bar oder mit Bank- oder Kreditkarte ist leider nicht m\u00f6glich.<\/span><\/div>\n<\/li>\n<li><span>Wir bitten Sie freundlich, den ausstehenden Betrag innerhalb von 3 Werktagen zu \u00fcberweisen.<\/span><\/li>\n<\/ul>\n<\/div><\/div>\n\n<div class=\"et_pb_toggle_4 et_pb_toggle et_pb_toggle_item et_pb_toggle_close et_animated et_pb_module et_flex_module\"><h5 class=\"et_pb_toggle_title\">Stornierung<\/h5><div class=\"et_pb_toggle_content clearfix et_flex_module\"><ul>\n<li><span>Eine vollst\u00e4ndige Stornierung ist ab acht Wochen vor der Ankunft m\u00f6glich.<\/span><\/li>\n<li><span>Erfolgt die Stornierung weniger als acht Wochen vor der Ankunft, aber l\u00e4nger als eine Woche, sind 50% des Gesamtbetrags zu zahlen.<\/span><\/li>\n<li><span>Bei einer Stornierung von weniger als einer Woche muss der volle Betrag gezahlt werden.<\/span><\/li>\n<li><span>Im Falle einer Stornierung berechnen wir \u20ac 15,- Verwaltungskosten.<\/span><\/li>\n<li><span>Wenn Ihr Urlaub aus irgendeinem Grund auf ein sp\u00e4teres Datum verschoben wird, gelten die urspr\u00fcnglichen Stornierungsregeln f\u00fcr die urspr\u00fcngliche Buchung weiter.<\/span><\/li>\n<li><span>Umbuchungen sind eine Geste des Bluedothotel-Personals und grunds\u00e4tzlich kostenlos, selbstverst\u00e4ndlich in Absprache mit dem Personal des Bluedothotels.<\/span><\/li>\n<li><span>Wenn Ihr Urlaub in die Hochsaison verlegt wird, wird der h\u00f6here Betrag berechnet.<\/span><\/li>\n<li><span>Die Zahlung muss sofort auf das oben genannte Bankkonto \u00fcberwiesen werden.<\/span><\/li>\n<li><span>Im Falle einer vorzeitigen Abreise wird keine R\u00fcckerstattung gew\u00e4hrt.<\/span><\/li>\n<\/ul>\n<\/div><\/div>\n<\/div>\n\n<div class=\"et_pb_column_2 et_pb_column et-last-child et_flex_column et_pb_css_mix_blend_mode_passthrough et_flex_column_3_5 et_flex_column_3_5_tablet et_flex_column_24_24_phone\">\n<div class=\"et_pb_code_0 et_pb_code et_pb_module\"><div class=\"et_pb_code_inner\">    <div class=\"bdbf\" data-bdbf>\n        <div class=\"bdbf__card\">\n            <header class=\"bdbf__header\">\n                <h2 class=\"bdbf__title\">Buchungsanfrage<\/h2>\n                <p class=\"bdbf__subtitle\">W\u00e4hlen Sie Ihre Zimmer, Anzahl der G\u00e4ste und einen festen Zeitraum (drei Wochen, zwei Wochen, Woche, Wochenmitte, langes Wochenende oder Wochenende).<\/p>\n            <\/header>\n\n            <section class=\"bdbf__section\" aria-label=\"Auswahl der Zimmer\">\n                <h3 class=\"bdbf__section-title\">1) W\u00e4hlen Sie Ihr(e) Zimmer<\/h3>\n                <div class=\"bdbf__rooms\" role=\"group\" aria-label=\"Zimmer\">\n                                            <button\n                            type=\"button\"\n                            class=\"bdbf-room\"\n                            role=\"checkbox\"\n                            aria-checked=\"false\"\n                            data-room-id=\"room_1\"\n                            data-room-title=\"Luxurious Room 1\"\n                            data-room-capacity=\"1\u20132 persons\"\n                        >\n                            <span class=\"bdbf-room__img\" style=\"background-image:url('https:\/\/bluedothotel.fr\/wp-content\/uploads\/2026\/01\/vegan-bed-and-breakfast-france-Room-2-1.jpg')\" aria-hidden=\"true\"><\/span>\n                            <span class=\"bdbf-room__meta\">\n                                <span class=\"bdbf-room__title\">Luxuri\u00f6ses Zimmer 1<\/span>\n                                <span class=\"bdbf-room__cap\">Kapazit\u00e4t: 1\u20132 Personen<\/span>\n                            <\/span>\n                            <span class=\"bdbf-room__check\" aria-hidden=\"true\">\u2713<\/span>\n                        <\/button>\n                                            <button\n                            type=\"button\"\n                            class=\"bdbf-room\"\n                            role=\"checkbox\"\n                            aria-checked=\"false\"\n                            data-room-id=\"room_2\"\n                            data-room-title=\"Luxurious Room 2\"\n                            data-room-capacity=\"1\u20132 persons\"\n                        >\n                            <span class=\"bdbf-room__img\" style=\"background-image:url('https:\/\/bluedothotel.fr\/wp-content\/uploads\/2026\/01\/vegan-bed-and-breakfast-france-room-1-1.jpg')\" aria-hidden=\"true\"><\/span>\n                            <span class=\"bdbf-room__meta\">\n                                <span class=\"bdbf-room__title\">Luxuri\u00f6ses Zimmer 2<\/span>\n                                <span class=\"bdbf-room__cap\">Kapazit\u00e4t: 1\u20132 Personen<\/span>\n                            <\/span>\n                            <span class=\"bdbf-room__check\" aria-hidden=\"true\">\u2713<\/span>\n                        <\/button>\n                                            <button\n                            type=\"button\"\n                            class=\"bdbf-room\"\n                            role=\"checkbox\"\n                            aria-checked=\"false\"\n                            data-room-id=\"room_3\"\n                            data-room-title=\"Luxurious Room 3\"\n                            data-room-capacity=\"1\u20136 persons\"\n                        >\n                            <span class=\"bdbf-room__img\" style=\"background-image:url('https:\/\/bluedothotel.fr\/wp-content\/uploads\/2026\/01\/vegan-bed-and-breakfast-france-Room-3.jpg')\" aria-hidden=\"true\"><\/span>\n                            <span class=\"bdbf-room__meta\">\n                                <span class=\"bdbf-room__title\">Luxuri\u00f6ses Zimmer 3<\/span>\n                                <span class=\"bdbf-room__cap\">Kapazit\u00e4t: 1\u20136 Personen<\/span>\n                            <\/span>\n                            <span class=\"bdbf-room__check\" aria-hidden=\"true\">\u2713<\/span>\n                        <\/button>\n                                    <\/div>\n                <p class=\"bdbf__hint\">Sie k\u00f6nnen ein Zimmer, eine Kombination von Zimmern oder alle Zimmer buchen. Die Anzahl der G\u00e4ste aktualisiert sich automatisch basierend auf Ihrer Auswahl.<\/p>\n            <\/section>\n\n            <section class=\"bdbf__section\" aria-label=\"G\u00e4steanzahl\">\n                <h3 class=\"bdbf__section-title\">2) Anzahl der G\u00e4ste<\/h3>\n                <div class=\"bdbf__guest-count\">\n                    <label class=\"bdbf-field\">\n                        <span>G\u00e4ste<\/span>\n                        <select name=\"guest_count\" data-bdbf-guest-count disabled>\n                            <option value=\"\">W\u00e4hlen Sie zuerst Ihr(e) Zimmer aus<\/option>\n                        <\/select>\n                    <\/label>\n                    <p class=\"bdbf__hint\" data-bdbf-guest-hint>W\u00e4hlen Sie ein oder mehrere Zimmer aus, um die verf\u00fcgbare G\u00e4steanzahl anzuzeigen.<\/p>\n                <\/div>\n            <\/section>\n\n            <section class=\"bdbf__section\" aria-label=\"Auswahl des Datums\">\n                <h3 class=\"bdbf__section-title\">3) W\u00e4hlen Sie Ihren Aufenthaltszeitraum<\/h3>\n\n                <div class=\"bdbf__types\" role=\"radiogroup\" aria-label=\"Buchungsart\">\n                    <label class=\"bdbf-type\">\n                        <input type=\"radio\" name=\"bdbf_type\" value=\"full_week\" checked>\n                        <span>Ganze Woche <em>(Montag \u2192 Sonntag)<\/em><\/span>\n                    <\/label>\n                    <label class=\"bdbf-type\">\n                        <input type=\"radio\" name=\"bdbf_type\" value=\"two_weeks\">\n                        <span>Zwei Wochen <em>(Montag \u2192 Sonntag)<\/em><\/span>\n                    <\/label>\n                    <label class=\"bdbf-type\">\n                        <input type=\"radio\" name=\"bdbf_type\" value=\"three_weeks\">\n                        <span>Drei Wochen <em>(Montag \u2192 Sonntag)<\/em><\/span>\n                    <\/label>\n                    <label class=\"bdbf-type\">\n                        <input type=\"radio\" name=\"bdbf_type\" value=\"midweek\">\n                        <span>Wochenmitte <em>(Montag \u2192 Freitag)<\/em><\/span>\n                    <\/label>\n                    <label class=\"bdbf-type\">\n                        <input type=\"radio\" name=\"bdbf_type\" value=\"weekend\">\n                        <span>Wochenende <em>(Freitag \u2192 Sonntag)<\/em><\/span>\n                    <\/label>\n                    <label class=\"bdbf-type\">\n                        <input type=\"radio\" name=\"bdbf_type\" value=\"long_weekend\">\n                        <span>Langes Wochenende <em>(Freitag \u2192 Montag)<\/em><\/span>\n                    <\/label>\n                <\/div>\n\n                <div class=\"bdbf__calendar\" aria-label=\"Kalender\">\n                    <div class=\"bdbf-cal\" data-bdbf-cal><\/div>\n                <\/div>\n\n                <div class=\"bdbf__selection\" data-bdbf-selection aria-live=\"polite\">\n                    <div class=\"bdbf__selection-row\">\n                        <span class=\"bdbf__selection-label\">Ankunft<\/span>\n                        <span class=\"bdbf__selection-value\" data-bdbf-arrival>\u2014<\/span>\n                    <\/div>\n                    <div class=\"bdbf__selection-row\">\n                        <span class=\"bdbf__selection-label\">Abreise<\/span>\n                        <span class=\"bdbf__selection-value\" data-bdbf-departure>\u2014<\/span>\n                    <\/div>\n                <\/div>\n\n                <p class=\"bdbf__hint\">W\u00e4hlen Sie ein g\u00fcltiges Startdatum (Montag f\u00fcr Woche, zwei Wochen, drei Wochen und Wochenmitte; Freitag f\u00fcr Wochenende und langes Wochenende).<\/p>\n            <\/section>\n\n            <section class=\"bdbf__section bdbf__section--details\" aria-label=\"Details f\u00fcr G\u00e4ste\" data-bdbf-details hidden>\n                <h3 class=\"bdbf__section-title\">4) Ihre Daten<\/h3>\n\n                <div class=\"bdbf__grid\">\n                    <label class=\"bdbf-field\">\n                        <span>Vollst\u00e4ndiger Name<\/span>\n                        <input type=\"text\" name=\"full_name\" autocomplete=\"name\" required>\n                    <\/label>\n\n                    <label class=\"bdbf-field\">\n                        <span>E-Mail Adresse<\/span>\n                        <input type=\"email\" name=\"email\" autocomplete=\"email\" required>\n                    <\/label>\n\n                    <label class=\"bdbf-field\">\n                        <span>Rufnummer<\/span>\n                        <input type=\"tel\" name=\"phone\" autocomplete=\"tel\" required>\n                    <\/label>\n                <\/div>\n\n                <p class=\"bdbf__pre-submit\">Nach dem Absenden erhalten Sie eine Best\u00e4tigung Ihrer Wahl per E-Mail.<\/p>\n\n                <button type=\"button\" class=\"bdbf__submit\" data-bdbf-submit>\n                    Buchungsanfrage abschicken\n                <\/button>\n\n                <div class=\"bdbf__message\" data-bdbf-message role=\"status\" aria-live=\"polite\"><\/div>\n            <\/section>\n\n            <input type=\"hidden\" data-bdbf-room>\n            <input type=\"hidden\" data-bdbf-room-title>\n            <input type=\"hidden\" data-bdbf-arrival-iso>\n            <input type=\"hidden\" data-bdbf-departure-iso>\n            <input type=\"hidden\" data-bdbf-guest-count-hidden>\n        <\/div>\n    <\/div>\n    \n<\/div><\/div>\n<\/div>\n<\/div>\n<\/div>","protected":false},"excerpt":{"rendered":"","protected":false},"author":1,"featured_media":0,"parent":0,"menu_order":0,"comment_status":"closed","ping_status":"closed","template":"","meta":{"footnotes":""},"class_list":["post-23","page","type-page","status-publish","hentry"],"yoast_head":"<!-- This site is optimized with the Yoast SEO plugin v27.4 - https:\/\/yoast.com\/product\/yoast-seo-wordpress\/ -->\n<title>Book &amp; Pay - Blue Dot Hotel<\/title>\n<meta name=\"robots\" content=\"index, follow, max-snippet:-1, max-image-preview:large, max-video-preview:-1\" \/>\n<link rel=\"canonical\" href=\"https:\/\/bluedothotel.fr\/de\/buchzahlung\/\" \/>\n<meta property=\"og:locale\" content=\"de_DE\" \/>\n<meta property=\"og:type\" content=\"article\" \/>\n<meta property=\"og:title\" content=\"Book &amp; Pay - Blue Dot Hotel\" \/>\n<meta property=\"og:url\" content=\"https:\/\/bluedothotel.fr\/de\/buchzahlung\/\" \/>\n<meta property=\"og:site_name\" content=\"Blue Dot Hotel\" \/>\n<meta property=\"article:modified_time\" content=\"2026-04-09T01:37:04+00:00\" \/>\n<meta name=\"twitter:card\" content=\"summary_large_image\" \/>\n<script type=\"application\/ld+json\" class=\"yoast-schema-graph\">{\"@context\":\"https:\\\/\\\/schema.org\",\"@graph\":[{\"@type\":\"WebPage\",\"@id\":\"https:\\\/\\\/bluedothotel.fr\\\/book-pay\\\/\",\"url\":\"https:\\\/\\\/bluedothotel.fr\\\/book-pay\\\/\",\"name\":\"Book &amp; Pay - Blue Dot Hotel\",\"isPartOf\":{\"@id\":\"https:\\\/\\\/bluedothotel.fr\\\/#website\"},\"datePublished\":\"2025-12-05T14:45:08+00:00\",\"dateModified\":\"2026-04-09T01:37:04+00:00\",\"breadcrumb\":{\"@id\":\"https:\\\/\\\/bluedothotel.fr\\\/book-pay\\\/#breadcrumb\"},\"inLanguage\":\"de\",\"potentialAction\":[{\"@type\":\"ReadAction\",\"target\":[\"https:\\\/\\\/bluedothotel.fr\\\/book-pay\\\/\"]}]},{\"@type\":\"BreadcrumbList\",\"@id\":\"https:\\\/\\\/bluedothotel.fr\\\/book-pay\\\/#breadcrumb\",\"itemListElement\":[{\"@type\":\"ListItem\",\"position\":1,\"name\":\"Home\",\"item\":\"https:\\\/\\\/bluedothotel.fr\\\/\"},{\"@type\":\"ListItem\",\"position\":2,\"name\":\"Book &amp; Pay\"}]},{\"@type\":\"WebSite\",\"@id\":\"https:\\\/\\\/bluedothotel.fr\\\/#website\",\"url\":\"https:\\\/\\\/bluedothotel.fr\\\/\",\"name\":\"Blue Dot Hotel\",\"description\":\"100% Vegan B&amp;B\",\"publisher\":{\"@id\":\"https:\\\/\\\/bluedothotel.fr\\\/#organization\"},\"potentialAction\":[{\"@type\":\"SearchAction\",\"target\":{\"@type\":\"EntryPoint\",\"urlTemplate\":\"https:\\\/\\\/bluedothotel.fr\\\/?s={search_term_string}\"},\"query-input\":{\"@type\":\"PropertyValueSpecification\",\"valueRequired\":true,\"valueName\":\"search_term_string\"}}],\"inLanguage\":\"de\"},{\"@type\":\"Organization\",\"@id\":\"https:\\\/\\\/bluedothotel.fr\\\/#organization\",\"name\":\"Blue Dot Hotel\",\"url\":\"https:\\\/\\\/bluedothotel.fr\\\/\",\"logo\":{\"@type\":\"ImageObject\",\"inLanguage\":\"de\",\"@id\":\"https:\\\/\\\/bluedothotel.fr\\\/#\\\/schema\\\/logo\\\/image\\\/\",\"url\":\"https:\\\/\\\/bluedothotel.fr\\\/wp-content\\\/uploads\\\/2026\\\/01\\\/vegan-bed-and-breakfast-france-logo.png\",\"contentUrl\":\"https:\\\/\\\/bluedothotel.fr\\\/wp-content\\\/uploads\\\/2026\\\/01\\\/vegan-bed-and-breakfast-france-logo.png\",\"width\":500,\"height\":94,\"caption\":\"Blue Dot Hotel\"},\"image\":{\"@id\":\"https:\\\/\\\/bluedothotel.fr\\\/#\\\/schema\\\/logo\\\/image\\\/\"}}]}<\/script>\n<!-- \/ Yoast SEO plugin. -->","yoast_head_json":{"title":"Buchen und bezahlen - Blue Dot Hotel","robots":{"index":"index","follow":"follow","max-snippet":"max-snippet:-1","max-image-preview":"max-image-preview:large","max-video-preview":"max-video-preview:-1"},"canonical":"https:\/\/bluedothotel.fr\/de\/buchzahlung\/","og_locale":"de_DE","og_type":"article","og_title":"Book &amp; Pay - Blue Dot Hotel","og_url":"https:\/\/bluedothotel.fr\/de\/buchzahlung\/","og_site_name":"Blue Dot Hotel","article_modified_time":"2026-04-09T01:37:04+00:00","twitter_card":"summary_large_image","schema":{"@context":"https:\/\/schema.org","@graph":[{"@type":"WebPage","@id":"https:\/\/bluedothotel.fr\/book-pay\/","url":"https:\/\/bluedothotel.fr\/book-pay\/","name":"Buchen und bezahlen - Blue Dot Hotel","isPartOf":{"@id":"https:\/\/bluedothotel.fr\/#website"},"datePublished":"2025-12-05T14:45:08+00:00","dateModified":"2026-04-09T01:37:04+00:00","breadcrumb":{"@id":"https:\/\/bluedothotel.fr\/book-pay\/#breadcrumb"},"inLanguage":"de","potentialAction":[{"@type":"ReadAction","target":["https:\/\/bluedothotel.fr\/book-pay\/"]}]},{"@type":"BreadcrumbList","@id":"https:\/\/bluedothotel.fr\/book-pay\/#breadcrumb","itemListElement":[{"@type":"ListItem","position":1,"name":"Home","item":"https:\/\/bluedothotel.fr\/"},{"@type":"ListItem","position":2,"name":"Book &amp; Pay"}]},{"@type":"WebSite","@id":"https:\/\/bluedothotel.fr\/#website","url":"https:\/\/bluedothotel.fr\/","name":"Blue Dot Hotel","description":"100% Veganes B&amp;B","publisher":{"@id":"https:\/\/bluedothotel.fr\/#organization"},"potentialAction":[{"@type":"SearchAction","target":{"@type":"EntryPoint","urlTemplate":"https:\/\/bluedothotel.fr\/?s={search_term_string}"},"query-input":{"@type":"PropertyValueSpecification","valueRequired":true,"valueName":"search_term_string"}}],"inLanguage":"de"},{"@type":"Organization","@id":"https:\/\/bluedothotel.fr\/#organization","name":"Blue Dot Hotel","url":"https:\/\/bluedothotel.fr\/","logo":{"@type":"ImageObject","inLanguage":"de","@id":"https:\/\/bluedothotel.fr\/#\/schema\/logo\/image\/","url":"https:\/\/bluedothotel.fr\/wp-content\/uploads\/2026\/01\/vegan-bed-and-breakfast-france-logo.png","contentUrl":"https:\/\/bluedothotel.fr\/wp-content\/uploads\/2026\/01\/vegan-bed-and-breakfast-france-logo.png","width":500,"height":94,"caption":"Blue Dot Hotel"},"image":{"@id":"https:\/\/bluedothotel.fr\/#\/schema\/logo\/image\/"}}]}},"_links":{"self":[{"href":"https:\/\/bluedothotel.fr\/de\/wp-json\/wp\/v2\/pages\/23","targetHints":{"allow":["GET"]}}],"collection":[{"href":"https:\/\/bluedothotel.fr\/de\/wp-json\/wp\/v2\/pages"}],"about":[{"href":"https:\/\/bluedothotel.fr\/de\/wp-json\/wp\/v2\/types\/page"}],"author":[{"embeddable":true,"href":"https:\/\/bluedothotel.fr\/de\/wp-json\/wp\/v2\/users\/1"}],"replies":[{"embeddable":true,"href":"https:\/\/bluedothotel.fr\/de\/wp-json\/wp\/v2\/comments?post=23"}],"version-history":[{"count":15,"href":"https:\/\/bluedothotel.fr\/de\/wp-json\/wp\/v2\/pages\/23\/revisions"}],"predecessor-version":[{"id":615,"href":"https:\/\/bluedothotel.fr\/de\/wp-json\/wp\/v2\/pages\/23\/revisions\/615"}],"wp:attachment":[{"href":"https:\/\/bluedothotel.fr\/de\/wp-json\/wp\/v2\/media?parent=23"}],"curies":[{"name":"wp","href":"https:\/\/api.w.org\/{rel}","templated":true}]}}