{"id":512,"date":"2026-01-17T09:27:03","date_gmt":"2026-01-17T09:27:03","guid":{"rendered":"https:\/\/bluedothotel.fr\/?page_id=512"},"modified":"2026-01-17T09:29:18","modified_gmt":"2026-01-17T09:29:18","slug":"datenschutzrichtlinie","status":"publish","type":"page","link":"https:\/\/bluedothotel.fr\/de\/privacy-policy\/","title":{"rendered":"Datenschutzbestimmungen"},"content":{"rendered":"<div class=\"et_pb_section_0 et_pb_section et_section_regular et_flex_section\">\n<div class=\"et_pb_row_0 et_pb_row et_flex_row preset--module--divi-row--default\">\n<div class=\"et_pb_column_0 et_pb_column et-last-child et_flex_column et_pb_css_mix_blend_mode_passthrough et_flex_column_24_24 et_flex_column_24_24_tablet et_flex_column_24_24_phone\">\n<div class=\"et_pb_text_0 et_pb_text et_pb_bg_layout_light et_animated et_pb_module et_flex_module\"><div class=\"et_pb_text_inner\"><h1>Datenschutzbestimmungen<\/h1>\n<\/div><\/div>\n\n<div class=\"et_pb_text_1 et_pb_text et_pb_bg_layout_light et_animated et_pb_module et_flex_module\"><div class=\"et_pb_text_inner\"><p>In dieser Datenschutzerkl\u00e4rung erl\u00e4utern FB Studio (im Folgenden \u201cwir\u201d, \u201cuns\u201d oder \u201cunser\u201d) als Eigent\u00fcmer und Verwalter der Website und Junda (im Folgenden \u201cJunda B.V.\u201d) als Hosting-Anbieter, welche personenbezogenen Daten wir erheben, verwenden und weitergeben, sowie die Rechte und Wahlm\u00f6glichkeiten, die Sie in Bezug auf Ihre personenbezogenen Daten haben. Wir legen gro\u00dfen Wert auf Ihre Privatsph\u00e4re und sind bestrebt, Ihre personenbezogenen Daten in \u00dcbereinstimmung mit der geltenden niederl\u00e4ndischen Gesetzgebung, einschlie\u00dflich der Allgemeinen Datenschutzverordnung (GDPR), zu sch\u00fctzen.<\/p>\n<h3>1. Data Controller und Hosting-Anbieter<\/h3>\n<p><strong>FB-Studio<\/strong><br \/>Eem 19<br \/>9406 HS Assen<br \/>Nummer der Handelskammer: 80081193<br \/>E-Mail: <a href=\"mailto:contact@fbstudio.nl\">contact@fbstudio.nl<\/a><\/p>\n<p><strong>Junda B.V.<\/strong><br \/>Keizersgracht 520H<br \/>1017 EK Amsterdam<br \/>Nummer der Handelskammer: 88996565<br \/>E-Mail: <a href=\"mailto:hallo@junda.nl\">hallo@junda.nl<\/a><\/p>\n<h3>2. Welche personenbezogenen Daten erheben wir?<\/h3>\n<p>Je nach der Art unserer Interaktion k\u00f6nnen wir die folgenden Kategorien personenbezogener Daten erfassen:<br \/>- Identifizierungsdaten (z. B. Name, Anschrift, Geburtsdatum)<br \/>- Kontaktinformationen (z. B. E-Mail-Adresse, Telefonnummer)<br \/>- Zahlungsdaten (z. B. Kreditkarteninformationen)<br \/>- Daten \u00fcber Ihre Nutzung unserer Produkte\/Dienstleistungen und unserer Website (z. B. IP-Adresse, Browserverlauf, Pr\u00e4ferenzen)<\/p>\n<h3>3. Zwecke der Datenverarbeitung<\/h3>\n<p>Wir erheben und verwenden Ihre personenbezogenen Daten nur f\u00fcr spezifische, ausdr\u00fcckliche und rechtm\u00e4\u00dfige Zwecke, wie z. B. die Bereitstellung unserer Produkte\/Dienstleistungen, die Erf\u00fcllung von Vertr\u00e4gen, die Beantwortung Ihrer Fragen, die Verbesserung unserer Website und die Erf\u00fcllung gesetzlicher Verpflichtungen.<\/p>\n<h3>4. Rechtsgrundlage f\u00fcr die Verarbeitung<\/h3>\n<p>Unsere Verarbeitung personenbezogener Daten st\u00fctzt sich auf eine oder mehrere der folgenden Rechtsgrundlagen:<br \/>\u2013 <strong>Einverstanden:<\/strong> wenn Sie ausdr\u00fccklich Ihre Zustimmung zur Verarbeitung Ihrer Daten f\u00fcr bestimmte Zwecke gegeben haben.<br \/>\u2013 <strong>Erf\u00fcllung eines Vertrags:<\/strong> wenn die Verarbeitung f\u00fcr die Erf\u00fcllung eines Vertrags erforderlich ist, dessen Vertragspartei Sie sind.<br \/>\u2013 <strong>Gesetzliche Verpflichtung:<\/strong> wenn die Verarbeitung erforderlich ist, um einer gesetzlichen Verpflichtung nachzukommen, der wir unterliegen.<br \/>\u2013 <strong>Berechtigtes Interesse:<\/strong> wenn die Verarbeitung f\u00fcr unsere berechtigten Interessen erforderlich ist, es sei denn, Ihre Interessen oder Grundrechte und -freiheiten \u00fcberwiegen diese Interessen.<\/p>\n<h3>5. Weitergabe von personenbezogenen Daten<\/h3>\n<p>Wir geben Ihre personenbezogenen Daten nur dann an Dritte weiter, wenn dies f\u00fcr die Erbringung unserer Dienstleistungen erforderlich ist, um gesetzlichen Verpflichtungen nachzukommen, oder wenn Sie ausdr\u00fccklich Ihre Zustimmung erteilt haben. Wenn wir Ihre Daten an Dritte weitergeben, stellen wir sicher, dass angemessene Sicherheitsma\u00dfnahmen zum Schutz Ihrer Daten getroffen werden.<\/p>\n<h3>6. Aufbewahrungsfrist der Daten<\/h3>\n<p>Wir bewahren Ihre personenbezogenen Daten nicht l\u00e4nger auf, als es f\u00fcr die Zwecke, f\u00fcr die sie erhoben wurden, erforderlich ist, es sei denn, wir sind gesetzlich verpflichtet, sie l\u00e4nger aufzubewahren. Nach Ablauf der Aufbewahrungsfrist werden Ihre Daten sicher gel\u00f6scht oder anonymisiert.<\/p>\n<h3>7. Deine Rechte<\/h3>\n<p>Sie haben das Recht, auf Ihre personenbezogenen Daten zuzugreifen, sie zu berichtigen oder zu l\u00f6schen, die Verarbeitung einzuschr\u00e4nken, der Verarbeitung zu widersprechen und das Recht auf Daten\u00fcbertragbarkeit. Wenn Sie Ihre Einwilligung zu bestimmten Verarbeitungst\u00e4tigkeiten gegeben haben, haben Sie das Recht, diese Einwilligung jederzeit zu widerrufen.<\/p>\n<h3>8. Beanstandungen<\/h3>\n<p>Wenn Sie der Meinung sind, dass wir Ihre personenbezogenen Daten nicht in \u00dcbereinstimmung mit dieser Datenschutzerkl\u00e4rung oder den geltenden Rechtsvorschriften verarbeiten, haben Sie das Recht, eine Beschwerde bei der niederl\u00e4ndischen Datenschutzbeh\u00f6rde (Autoriteit Persoonsgegevens) einzureichen.<\/p>\n<h3>9. Kontaktangaben<\/h3>\n<p>Wenn Sie Fragen zu unserer Datenschutzpolitik haben oder Ihre Rechte aus\u00fcben m\u00f6chten, k\u00f6nnen Sie uns unter den in Abschnitt 1 genannten Kontaktdaten kontaktieren.<\/p>\n<p>Wir behalten uns das Recht vor, diese Erkl\u00e4rung zum Datenschutz jederzeit zu \u00e4ndern. Wir empfehlen Ihnen, diese Erkl\u00e4rung regelm\u00e4\u00dfig zu lesen, um \u00fcber etwaige Aktualisierungen informiert zu sein.<\/p>\n<\/div><\/div>\n<\/div>\n<\/div>\n<\/div>","protected":false},"excerpt":{"rendered":"","protected":false},"author":1,"featured_media":0,"parent":0,"menu_order":0,"comment_status":"closed","ping_status":"closed","template":"","meta":{"footnotes":""},"class_list":["post-512","page","type-page","status-publish","hentry"],"yoast_head":"<!-- This site is optimized with the Yoast SEO plugin v27.4 - https:\/\/yoast.com\/product\/yoast-seo-wordpress\/ -->\n<title>Privacy Policy - Blue Dot Hotel<\/title>\n<meta name=\"robots\" content=\"index, follow, max-snippet:-1, max-image-preview:large, max-video-preview:-1\" \/>\n<link rel=\"canonical\" href=\"https:\/\/bluedothotel.fr\/de\/datenschutzrichtlinie\/\" \/>\n<meta property=\"og:locale\" content=\"de_DE\" \/>\n<meta property=\"og:type\" content=\"article\" \/>\n<meta property=\"og:title\" content=\"Privacy Policy - Blue Dot Hotel\" \/>\n<meta property=\"og:url\" content=\"https:\/\/bluedothotel.fr\/de\/datenschutzrichtlinie\/\" \/>\n<meta property=\"og:site_name\" content=\"Blue Dot Hotel\" \/>\n<meta property=\"article:modified_time\" content=\"2026-01-17T09:29:18+00:00\" \/>\n<meta name=\"twitter:card\" content=\"summary_large_image\" \/>\n<script type=\"application\/ld+json\" class=\"yoast-schema-graph\">{\"@context\":\"https:\\\/\\\/schema.org\",\"@graph\":[{\"@type\":\"WebPage\",\"@id\":\"https:\\\/\\\/bluedothotel.fr\\\/privacy-policy\\\/\",\"url\":\"https:\\\/\\\/bluedothotel.fr\\\/privacy-policy\\\/\",\"name\":\"Privacy Policy - Blue Dot Hotel\",\"isPartOf\":{\"@id\":\"https:\\\/\\\/bluedothotel.fr\\\/#website\"},\"datePublished\":\"2026-01-17T09:27:03+00:00\",\"dateModified\":\"2026-01-17T09:29:18+00:00\",\"breadcrumb\":{\"@id\":\"https:\\\/\\\/bluedothotel.fr\\\/privacy-policy\\\/#breadcrumb\"},\"inLanguage\":\"de\",\"potentialAction\":[{\"@type\":\"ReadAction\",\"target\":[\"https:\\\/\\\/bluedothotel.fr\\\/privacy-policy\\\/\"]}]},{\"@type\":\"BreadcrumbList\",\"@id\":\"https:\\\/\\\/bluedothotel.fr\\\/privacy-policy\\\/#breadcrumb\",\"itemListElement\":[{\"@type\":\"ListItem\",\"position\":1,\"name\":\"Home\",\"item\":\"https:\\\/\\\/bluedothotel.fr\\\/\"},{\"@type\":\"ListItem\",\"position\":2,\"name\":\"Privacy Policy\"}]},{\"@type\":\"WebSite\",\"@id\":\"https:\\\/\\\/bluedothotel.fr\\\/#website\",\"url\":\"https:\\\/\\\/bluedothotel.fr\\\/\",\"name\":\"Blue Dot Hotel\",\"description\":\"100% Vegan B&amp;B\",\"publisher\":{\"@id\":\"https:\\\/\\\/bluedothotel.fr\\\/#organization\"},\"potentialAction\":[{\"@type\":\"SearchAction\",\"target\":{\"@type\":\"EntryPoint\",\"urlTemplate\":\"https:\\\/\\\/bluedothotel.fr\\\/?s={search_term_string}\"},\"query-input\":{\"@type\":\"PropertyValueSpecification\",\"valueRequired\":true,\"valueName\":\"search_term_string\"}}],\"inLanguage\":\"de\"},{\"@type\":\"Organization\",\"@id\":\"https:\\\/\\\/bluedothotel.fr\\\/#organization\",\"name\":\"Blue Dot Hotel\",\"url\":\"https:\\\/\\\/bluedothotel.fr\\\/\",\"logo\":{\"@type\":\"ImageObject\",\"inLanguage\":\"de\",\"@id\":\"https:\\\/\\\/bluedothotel.fr\\\/#\\\/schema\\\/logo\\\/image\\\/\",\"url\":\"https:\\\/\\\/bluedothotel.fr\\\/wp-content\\\/uploads\\\/2026\\\/01\\\/vegan-bed-and-breakfast-france-logo.png\",\"contentUrl\":\"https:\\\/\\\/bluedothotel.fr\\\/wp-content\\\/uploads\\\/2026\\\/01\\\/vegan-bed-and-breakfast-france-logo.png\",\"width\":500,\"height\":94,\"caption\":\"Blue Dot Hotel\"},\"image\":{\"@id\":\"https:\\\/\\\/bluedothotel.fr\\\/#\\\/schema\\\/logo\\\/image\\\/\"}}]}<\/script>\n<!-- \/ Yoast SEO plugin. -->","yoast_head_json":{"title":"Datenschutzrichtlinie - Blue Dot Hotel","robots":{"index":"index","follow":"follow","max-snippet":"max-snippet:-1","max-image-preview":"max-image-preview:large","max-video-preview":"max-video-preview:-1"},"canonical":"https:\/\/bluedothotel.fr\/de\/datenschutzrichtlinie\/","og_locale":"de_DE","og_type":"article","og_title":"Privacy Policy - Blue Dot Hotel","og_url":"https:\/\/bluedothotel.fr\/de\/datenschutzrichtlinie\/","og_site_name":"Blue Dot Hotel","article_modified_time":"2026-01-17T09:29:18+00:00","twitter_card":"summary_large_image","schema":{"@context":"https:\/\/schema.org","@graph":[{"@type":"WebPage","@id":"https:\/\/bluedothotel.fr\/privacy-policy\/","url":"https:\/\/bluedothotel.fr\/privacy-policy\/","name":"Datenschutzrichtlinie - Blue Dot Hotel","isPartOf":{"@id":"https:\/\/bluedothotel.fr\/#website"},"datePublished":"2026-01-17T09:27:03+00:00","dateModified":"2026-01-17T09:29:18+00:00","breadcrumb":{"@id":"https:\/\/bluedothotel.fr\/privacy-policy\/#breadcrumb"},"inLanguage":"de","potentialAction":[{"@type":"ReadAction","target":["https:\/\/bluedothotel.fr\/privacy-policy\/"]}]},{"@type":"BreadcrumbList","@id":"https:\/\/bluedothotel.fr\/privacy-policy\/#breadcrumb","itemListElement":[{"@type":"ListItem","position":1,"name":"Home","item":"https:\/\/bluedothotel.fr\/"},{"@type":"ListItem","position":2,"name":"Privacy Policy"}]},{"@type":"WebSite","@id":"https:\/\/bluedothotel.fr\/#website","url":"https:\/\/bluedothotel.fr\/","name":"Blue Dot Hotel","description":"100% Veganes B&amp;B","publisher":{"@id":"https:\/\/bluedothotel.fr\/#organization"},"potentialAction":[{"@type":"SearchAction","target":{"@type":"EntryPoint","urlTemplate":"https:\/\/bluedothotel.fr\/?s={search_term_string}"},"query-input":{"@type":"PropertyValueSpecification","valueRequired":true,"valueName":"search_term_string"}}],"inLanguage":"de"},{"@type":"Organization","@id":"https:\/\/bluedothotel.fr\/#organization","name":"Blue Dot Hotel","url":"https:\/\/bluedothotel.fr\/","logo":{"@type":"ImageObject","inLanguage":"de","@id":"https:\/\/bluedothotel.fr\/#\/schema\/logo\/image\/","url":"https:\/\/bluedothotel.fr\/wp-content\/uploads\/2026\/01\/vegan-bed-and-breakfast-france-logo.png","contentUrl":"https:\/\/bluedothotel.fr\/wp-content\/uploads\/2026\/01\/vegan-bed-and-breakfast-france-logo.png","width":500,"height":94,"caption":"Blue Dot Hotel"},"image":{"@id":"https:\/\/bluedothotel.fr\/#\/schema\/logo\/image\/"}}]}},"_links":{"self":[{"href":"https:\/\/bluedothotel.fr\/de\/wp-json\/wp\/v2\/pages\/512","targetHints":{"allow":["GET"]}}],"collection":[{"href":"https:\/\/bluedothotel.fr\/de\/wp-json\/wp\/v2\/pages"}],"about":[{"href":"https:\/\/bluedothotel.fr\/de\/wp-json\/wp\/v2\/types\/page"}],"author":[{"embeddable":true,"href":"https:\/\/bluedothotel.fr\/de\/wp-json\/wp\/v2\/users\/1"}],"replies":[{"embeddable":true,"href":"https:\/\/bluedothotel.fr\/de\/wp-json\/wp\/v2\/comments?post=512"}],"version-history":[{"count":3,"href":"https:\/\/bluedothotel.fr\/de\/wp-json\/wp\/v2\/pages\/512\/revisions"}],"predecessor-version":[{"id":515,"href":"https:\/\/bluedothotel.fr\/de\/wp-json\/wp\/v2\/pages\/512\/revisions\/515"}],"wp:attachment":[{"href":"https:\/\/bluedothotel.fr\/de\/wp-json\/wp\/v2\/media?parent=512"}],"curies":[{"name":"wp","href":"https:\/\/api.w.org\/{rel}","templated":true}]}}