{"id":201,"date":"2025-12-19T11:25:47","date_gmt":"2025-12-19T11:25:47","guid":{"rendered":"https:\/\/bluedothotel.fr\/?page_id=201"},"modified":"2026-03-20T09:57:08","modified_gmt":"2026-03-20T09:57:08","slug":"chambres","status":"publish","type":"page","link":"https:\/\/bluedothotel.fr\/fr\/rooms\/","title":{"rendered":"Chambres"},"content":{"rendered":"<div class=\"et_pb_section_0 et_pb_section et_section_regular et_flex_section section_has_divider et_pb_bottom_divider\">\n<div class=\"et_pb_row_0 et_pb_row et_flex_row preset--module--divi-row--default\">\n<div class=\"et_pb_column_0 et_pb_column et-last-child et_flex_column et_pb_css_mix_blend_mode_passthrough et_flex_column_24_24 et_flex_column_24_24_tablet et_flex_column_24_24_phone\">\n<div class=\"et_pb_text_0 et_pb_text et_pb_bg_layout_light et_animated et_pb_module et_flex_module\"><div class=\"et_pb_text_inner\"><h1>Chambres et prix<\/h1>\n<\/div><\/div>\n\n<div class=\"et_pb_text_1 et_pb_text et_pb_bg_layout_light et_animated et_pb_module et_flex_module et_flex_column_16_24 et_flex_column_16_24_tablet et_flex_column_24_24_phone\"><div class=\"et_pb_text_inner\"><p>Nos chambres sont con\u00e7ues pour le confort, le calme et la simplicit\u00e9. Chaque chambre offre un lieu de d\u00e9tente paisible, avec un acc\u00e8s aux espaces communs, \u00e0 la piscine et \u00e0 la campagne environnante.<\/p>\n<\/div><\/div>\n<\/div>\n<\/div>\n<div class=\"et_pb_bottom_inside_divider et-no-transition\"><\/div><\/div>\n\n<div class=\"et_pb_section_1 et_pb_section et_section_regular et_flex_section\">\n<div class=\"et_pb_row_1 et_pb_row et_flex_row preset--module--divi-row--default\">\n<div class=\"et_pb_column_1 et_pb_column et-last-child et_flex_column et_pb_css_mix_blend_mode_passthrough et_flex_column_24_24 et_flex_column_24_24_tablet et_flex_column_24_24_phone\">\n<div class=\"et_pb_text_2 et_pb_text et_pb_bg_layout_light et_animated et_pb_module et_flex_module\"><div class=\"et_pb_text_inner\"><h2>Chambres et suites<\/h2>\n<\/div><\/div>\n\n<div class=\"et_pb_text_3 et_pb_text et_pb_bg_layout_light et_animated et_pb_module et_flex_module\"><div class=\"et_pb_text_inner\"><p>L'h\u00f4tel dispose de trois chambres de luxe spacieuses et d'une chambre communicante plus petite, id\u00e9ale pour les enfants ou la famille \u00e9largie. Toutes les chambres comprennent une salle de bains priv\u00e9e et l'acc\u00e8s au salon commun, \u00e0 la salle \u00e0 manger, \u00e0 la piscine et \u00e0 la salle de remise en forme. Si vous voyagez en groupe ou en famille, les chambres peuvent \u00eatre combin\u00e9es sur demande.<\/p>\n<p>Les chambres 1 et 2 peuvent \u00eatre combin\u00e9es pour accueillir jusqu'\u00e0 quatre personnes. Dans ce cas, nous offrons une r\u00e9duction de 10% sur le prix total. Pour les familles avec enfants, nous recommandons la chambre 3, qui peut \u00e9galement \u00eatre agrandie pour accueillir jusqu'\u00e0 six personnes sur demande. Veuillez vous renseigner sur les possibilit\u00e9s.<\/p>\n<\/div><\/div>\n\n<div class=\"et_pb_row_2 et_pb_row et_pb_row_nested et_flex_row preset--module--divi-row--default\">\n<div class=\"et_pb_column_2 et_pb_column et_flex_column et_pb_css_mix_blend_mode_passthrough et_flex_column_8_24 et_flex_column_8_24_tablet et_flex_column_24_24_phone\">\n<div class=\"et_pb_image_0 et_pb_image et_animated et_pb_module et_flex_module\"><span class=\"et_pb_image_wrap\"><img loading=\"lazy\" decoding=\"async\" src=\"https:\/\/bluedothotel.fr\/wp-content\/uploads\/2026\/01\/vegan-bed-and-breakfast-france-Room-2-1.jpg\" title=\"vegan bed and breakfast france Chambre 2\" width=\"1000\" height=\"800\" srcset=\"https:\/\/bluedothotel.fr\/wp-content\/uploads\/2026\/01\/vegan-bed-and-breakfast-france-Room-2-1.jpg 1000w, https:\/\/bluedothotel.fr\/wp-content\/uploads\/2026\/01\/vegan-bed-and-breakfast-france-Room-2-1-980x784.jpg 980w, https:\/\/bluedothotel.fr\/wp-content\/uploads\/2026\/01\/vegan-bed-and-breakfast-france-Room-2-1-480x384.jpg 480w\" sizes=\"(min-width: 0px) and (max-width: 480px) 480px, (min-width: 481px) and (max-width: 980px) 980px, (min-width: 981px) 1000px, 100vw\" class=\"wp-image-461\" \/><\/span><\/div>\n\n<div class=\"et_pb_group_0 et_pb_group et-last-child et_pb_module et_flex_group et_pb_css_mix_blend_mode_passthrough\">\n<div class=\"et_pb_text_4 et_pb_text et_pb_bg_layout_light et_animated et_pb_module et_flex_module\"><div class=\"et_pb_text_inner\"><h4>Chambre luxueuse 1 (2p)<\/h4>\n<\/div><\/div>\n\n<div class=\"et_pb_text_5 et_pb_text et_pb_bg_layout_light et_animated et_pb_module et_flex_module\"><div class=\"et_pb_text_inner\"><p>Une chambre double lumineuse et paisible, con\u00e7ue pour la d\u00e9tente, avec des mat\u00e9riaux naturels et une atmosph\u00e8re calme et confortable. Id\u00e9ale pour les couples ou les voyageurs solitaires en qu\u00eate de repos et de simplicit\u00e9.<\/p>\n<\/div><\/div>\n\n<div class=\"et_pb_module et_pb_button_module_wrapper et_pb_button_0_wrapper\"><a class=\"et_pb_button_0 et_pb_button et_pb_bg_layout_light et_animated et_pb_module et_flex_module\" href=\"https:\/\/bluedothotel.fr\/fr\/chambres\/chambre-de-luxe-vegan-2-personnes-france-chambre-dhotes\/\">Voir la chambre luxueuse<\/a><\/div>\n\n<div class=\"et_pb_text_6 et_pb_text et_pb_bg_layout_light et_animated et_pb_module et_flex_module\"><div class=\"et_pb_text_inner\"><p>Voir ce qui est inclus...<\/p>\n<\/div><\/div>\n<\/div>\n<\/div>\n\n<div class=\"et_pb_column_3 et_pb_column et_flex_column et_pb_css_mix_blend_mode_passthrough et_flex_column_8_24 et_flex_column_8_24_tablet et_flex_column_24_24_phone\">\n<div class=\"et_pb_image_1 et_pb_image et_animated et_pb_module et_flex_module\"><span class=\"et_pb_image_wrap\"><img loading=\"lazy\" decoding=\"async\" src=\"https:\/\/bluedothotel.fr\/wp-content\/uploads\/2026\/01\/vegan-bed-and-breakfast-france-room-1-1.jpg\" title=\"vegan bed and breakfast france chambre 1\" width=\"1000\" height=\"800\" srcset=\"https:\/\/bluedothotel.fr\/wp-content\/uploads\/2026\/01\/vegan-bed-and-breakfast-france-room-1-1.jpg 1000w, https:\/\/bluedothotel.fr\/wp-content\/uploads\/2026\/01\/vegan-bed-and-breakfast-france-room-1-1-980x784.jpg 980w, https:\/\/bluedothotel.fr\/wp-content\/uploads\/2026\/01\/vegan-bed-and-breakfast-france-room-1-1-480x384.jpg 480w\" sizes=\"(min-width: 0px) and (max-width: 480px) 480px, (min-width: 481px) and (max-width: 980px) 980px, (min-width: 981px) 1000px, 100vw\" class=\"wp-image-462\" \/><\/span><\/div>\n\n<div class=\"et_pb_group_1 et_pb_group et-last-child et_pb_module et_flex_group et_pb_css_mix_blend_mode_passthrough\">\n<div class=\"et_pb_text_7 et_pb_text et_pb_bg_layout_light et_animated et_pb_module et_flex_module\"><div class=\"et_pb_text_inner\"><h4>Chambre luxueuse 2 (2p)<\/h4>\n<\/div><\/div>\n\n<div class=\"et_pb_text_8 et_pb_text et_pb_bg_layout_light et_animated et_pb_module et_flex_module\"><div class=\"et_pb_text_inner\"><p>Une chambre de luxe spacieuse combin\u00e9e \u00e0 une petite chambre adjacente, parfaite pour les familles ou les amis qui voyagent ensemble. Confort, intimit\u00e9 et flexibilit\u00e9 dans un cadre paisible.<\/p>\n<\/div><\/div>\n\n<div class=\"et_pb_module et_pb_button_module_wrapper et_pb_button_1_wrapper\"><a class=\"et_pb_button_1 et_pb_button et_pb_bg_layout_light et_animated et_pb_module et_flex_module\" href=\"https:\/\/bluedothotel.fr\/fr\/chambres\/chambre-luxueuse-bed-and-breakfast-vegan-france-2-personnes\/\">Voir la chambre luxueuse<\/a><\/div>\n\n<div class=\"et_pb_text_9 et_pb_text et_pb_bg_layout_light et_animated et_pb_module et_flex_module\"><div class=\"et_pb_text_inner\"><p>Voir ce qui est inclus...<\/p>\n<\/div><\/div>\n<\/div>\n<\/div>\n\n<div class=\"et_pb_column_4 et_pb_column et-last-child et_flex_column et_pb_css_mix_blend_mode_passthrough et_flex_column_8_24 et_flex_column_8_24_tablet et_flex_column_24_24_phone\">\n<div class=\"et_pb_image_2 et_pb_image et_animated et_pb_module et_flex_module\"><span class=\"et_pb_image_wrap\"><img loading=\"lazy\" decoding=\"async\" src=\"https:\/\/bluedothotel.fr\/wp-content\/uploads\/2026\/01\/vegan-bed-and-breakfast-france-Room-3.jpg\" title=\"vegan bed and breakfast france Chambre 3\" width=\"1000\" height=\"800\" srcset=\"https:\/\/bluedothotel.fr\/wp-content\/uploads\/2026\/01\/vegan-bed-and-breakfast-france-Room-3.jpg 1000w, https:\/\/bluedothotel.fr\/wp-content\/uploads\/2026\/01\/vegan-bed-and-breakfast-france-Room-3-980x784.jpg 980w, https:\/\/bluedothotel.fr\/wp-content\/uploads\/2026\/01\/vegan-bed-and-breakfast-france-Room-3-480x384.jpg 480w\" sizes=\"(min-width: 0px) and (max-width: 480px) 480px, (min-width: 481px) and (max-width: 980px) 980px, (min-width: 981px) 1000px, 100vw\" class=\"wp-image-455\" \/><\/span><\/div>\n\n<div class=\"et_pb_group_2 et_pb_group et-last-child et_pb_module et_flex_group et_pb_css_mix_blend_mode_passthrough\">\n<div class=\"et_pb_text_10 et_pb_text et_pb_bg_layout_light et_animated et_pb_module et_flex_module\"><div class=\"et_pb_text_inner\"><h4>Chambre luxueuse 3 (2-6p)<\/h4>\n<\/div><\/div>\n\n<div class=\"et_pb_text_11 et_pb_text et_pb_bg_layout_light et_animated et_pb_module et_flex_module\"><div class=\"et_pb_text_inner\"><p>Plusieurs chambres combin\u00e9es pour accueillir des groupes jusqu'\u00e0 huit personnes. Id\u00e9al pour les familles, les amis ou les petites retraites qui souhaitent profiter de l'intimit\u00e9, du confort et des espaces partag\u00e9s.<\/p>\n<\/div><\/div>\n\n<div class=\"et_pb_module et_pb_button_module_wrapper et_pb_button_2_wrapper\"><a class=\"et_pb_button_2 et_pb_button et_pb_bg_layout_light et_animated et_pb_module et_flex_module\" href=\"https:\/\/bluedothotel.fr\/fr\/chambres\/chambre-dhotes-vegane-luxueuse-pour-4-personnes-en-france\/\">Vue sur la chambre luxueuse (familiale)<\/a><\/div>\n\n<div class=\"et_pb_text_12 et_pb_text et_pb_bg_layout_light et_animated et_pb_module et_flex_module\"><div class=\"et_pb_text_inner\"><p>Voir ce qui est inclus...<\/p>\n<\/div><\/div>\n<\/div>\n<\/div>\n<\/div>\n<\/div>\n<\/div>\n<\/div>","protected":false},"excerpt":{"rendered":"","protected":false},"author":1,"featured_media":0,"parent":0,"menu_order":0,"comment_status":"closed","ping_status":"closed","template":"","meta":{"footnotes":""},"class_list":["post-201","page","type-page","status-publish","hentry"],"yoast_head":"<!-- This site is optimized with the Yoast SEO plugin v27.4 - https:\/\/yoast.com\/product\/yoast-seo-wordpress\/ -->\n<title>Rooms - Blue Dot Hotel<\/title>\n<meta name=\"robots\" content=\"index, follow, max-snippet:-1, max-image-preview:large, max-video-preview:-1\" \/>\n<link rel=\"canonical\" href=\"https:\/\/bluedothotel.fr\/fr\/chambres\/\" \/>\n<meta property=\"og:locale\" content=\"fr_FR\" \/>\n<meta property=\"og:type\" content=\"article\" \/>\n<meta property=\"og:title\" content=\"Rooms - Blue Dot Hotel\" \/>\n<meta property=\"og:url\" content=\"https:\/\/bluedothotel.fr\/fr\/chambres\/\" \/>\n<meta property=\"og:site_name\" content=\"Blue Dot Hotel\" \/>\n<meta property=\"article:modified_time\" content=\"2026-03-20T09:57:08+00:00\" \/>\n<meta name=\"twitter:card\" content=\"summary_large_image\" \/>\n<script type=\"application\/ld+json\" class=\"yoast-schema-graph\">{\"@context\":\"https:\\\/\\\/schema.org\",\"@graph\":[{\"@type\":\"WebPage\",\"@id\":\"https:\\\/\\\/bluedothotel.fr\\\/rooms\\\/\",\"url\":\"https:\\\/\\\/bluedothotel.fr\\\/rooms\\\/\",\"name\":\"Rooms - Blue Dot Hotel\",\"isPartOf\":{\"@id\":\"https:\\\/\\\/bluedothotel.fr\\\/#website\"},\"datePublished\":\"2025-12-19T11:25:47+00:00\",\"dateModified\":\"2026-03-20T09:57:08+00:00\",\"breadcrumb\":{\"@id\":\"https:\\\/\\\/bluedothotel.fr\\\/rooms\\\/#breadcrumb\"},\"inLanguage\":\"fr-FR\",\"potentialAction\":[{\"@type\":\"ReadAction\",\"target\":[\"https:\\\/\\\/bluedothotel.fr\\\/rooms\\\/\"]}]},{\"@type\":\"BreadcrumbList\",\"@id\":\"https:\\\/\\\/bluedothotel.fr\\\/rooms\\\/#breadcrumb\",\"itemListElement\":[{\"@type\":\"ListItem\",\"position\":1,\"name\":\"Home\",\"item\":\"https:\\\/\\\/bluedothotel.fr\\\/\"},{\"@type\":\"ListItem\",\"position\":2,\"name\":\"Rooms\"}]},{\"@type\":\"WebSite\",\"@id\":\"https:\\\/\\\/bluedothotel.fr\\\/#website\",\"url\":\"https:\\\/\\\/bluedothotel.fr\\\/\",\"name\":\"Blue Dot Hotel\",\"description\":\"100% Vegan B&amp;B\",\"publisher\":{\"@id\":\"https:\\\/\\\/bluedothotel.fr\\\/#organization\"},\"potentialAction\":[{\"@type\":\"SearchAction\",\"target\":{\"@type\":\"EntryPoint\",\"urlTemplate\":\"https:\\\/\\\/bluedothotel.fr\\\/?s={search_term_string}\"},\"query-input\":{\"@type\":\"PropertyValueSpecification\",\"valueRequired\":true,\"valueName\":\"search_term_string\"}}],\"inLanguage\":\"fr-FR\"},{\"@type\":\"Organization\",\"@id\":\"https:\\\/\\\/bluedothotel.fr\\\/#organization\",\"name\":\"Blue Dot Hotel\",\"url\":\"https:\\\/\\\/bluedothotel.fr\\\/\",\"logo\":{\"@type\":\"ImageObject\",\"inLanguage\":\"fr-FR\",\"@id\":\"https:\\\/\\\/bluedothotel.fr\\\/#\\\/schema\\\/logo\\\/image\\\/\",\"url\":\"https:\\\/\\\/bluedothotel.fr\\\/wp-content\\\/uploads\\\/2026\\\/01\\\/vegan-bed-and-breakfast-france-logo.png\",\"contentUrl\":\"https:\\\/\\\/bluedothotel.fr\\\/wp-content\\\/uploads\\\/2026\\\/01\\\/vegan-bed-and-breakfast-france-logo.png\",\"width\":500,\"height\":94,\"caption\":\"Blue Dot Hotel\"},\"image\":{\"@id\":\"https:\\\/\\\/bluedothotel.fr\\\/#\\\/schema\\\/logo\\\/image\\\/\"}}]}<\/script>\n<!-- \/ Yoast SEO plugin. -->","yoast_head_json":{"title":"Chambres - Blue Dot Hotel","robots":{"index":"index","follow":"follow","max-snippet":"max-snippet:-1","max-image-preview":"max-image-preview:large","max-video-preview":"max-video-preview:-1"},"canonical":"https:\/\/bluedothotel.fr\/fr\/chambres\/","og_locale":"fr_FR","og_type":"article","og_title":"Rooms - Blue Dot Hotel","og_url":"https:\/\/bluedothotel.fr\/fr\/chambres\/","og_site_name":"Blue Dot Hotel","article_modified_time":"2026-03-20T09:57:08+00:00","twitter_card":"summary_large_image","schema":{"@context":"https:\/\/schema.org","@graph":[{"@type":"WebPage","@id":"https:\/\/bluedothotel.fr\/rooms\/","url":"https:\/\/bluedothotel.fr\/rooms\/","name":"Chambres - Blue Dot Hotel","isPartOf":{"@id":"https:\/\/bluedothotel.fr\/#website"},"datePublished":"2025-12-19T11:25:47+00:00","dateModified":"2026-03-20T09:57:08+00:00","breadcrumb":{"@id":"https:\/\/bluedothotel.fr\/rooms\/#breadcrumb"},"inLanguage":"fr-FR","potentialAction":[{"@type":"ReadAction","target":["https:\/\/bluedothotel.fr\/rooms\/"]}]},{"@type":"BreadcrumbList","@id":"https:\/\/bluedothotel.fr\/rooms\/#breadcrumb","itemListElement":[{"@type":"ListItem","position":1,"name":"Home","item":"https:\/\/bluedothotel.fr\/"},{"@type":"ListItem","position":2,"name":"Rooms"}]},{"@type":"WebSite","@id":"https:\/\/bluedothotel.fr\/#website","url":"https:\/\/bluedothotel.fr\/","name":"H\u00f4tel Blue Dot","description":"100% Vegan B&amp;B","publisher":{"@id":"https:\/\/bluedothotel.fr\/#organization"},"potentialAction":[{"@type":"SearchAction","target":{"@type":"EntryPoint","urlTemplate":"https:\/\/bluedothotel.fr\/?s={search_term_string}"},"query-input":{"@type":"PropertyValueSpecification","valueRequired":true,"valueName":"search_term_string"}}],"inLanguage":"fr-FR"},{"@type":"Organization","@id":"https:\/\/bluedothotel.fr\/#organization","name":"H\u00f4tel Blue Dot","url":"https:\/\/bluedothotel.fr\/","logo":{"@type":"ImageObject","inLanguage":"fr-FR","@id":"https:\/\/bluedothotel.fr\/#\/schema\/logo\/image\/","url":"https:\/\/bluedothotel.fr\/wp-content\/uploads\/2026\/01\/vegan-bed-and-breakfast-france-logo.png","contentUrl":"https:\/\/bluedothotel.fr\/wp-content\/uploads\/2026\/01\/vegan-bed-and-breakfast-france-logo.png","width":500,"height":94,"caption":"Blue Dot Hotel"},"image":{"@id":"https:\/\/bluedothotel.fr\/#\/schema\/logo\/image\/"}}]}},"_links":{"self":[{"href":"https:\/\/bluedothotel.fr\/fr\/wp-json\/wp\/v2\/pages\/201","targetHints":{"allow":["GET"]}}],"collection":[{"href":"https:\/\/bluedothotel.fr\/fr\/wp-json\/wp\/v2\/pages"}],"about":[{"href":"https:\/\/bluedothotel.fr\/fr\/wp-json\/wp\/v2\/types\/page"}],"author":[{"embeddable":true,"href":"https:\/\/bluedothotel.fr\/fr\/wp-json\/wp\/v2\/users\/1"}],"replies":[{"embeddable":true,"href":"https:\/\/bluedothotel.fr\/fr\/wp-json\/wp\/v2\/comments?post=201"}],"version-history":[{"count":32,"href":"https:\/\/bluedothotel.fr\/fr\/wp-json\/wp\/v2\/pages\/201\/revisions"}],"predecessor-version":[{"id":611,"href":"https:\/\/bluedothotel.fr\/fr\/wp-json\/wp\/v2\/pages\/201\/revisions\/611"}],"wp:attachment":[{"href":"https:\/\/bluedothotel.fr\/fr\/wp-json\/wp\/v2\/media?parent=201"}],"curies":[{"name":"wp","href":"https:\/\/api.w.org\/{rel}","templated":true}]}}