{"id":22,"date":"2025-12-05T14:44:47","date_gmt":"2025-12-05T14:44:47","guid":{"rendered":"https:\/\/bluedothotel.fr\/?page_id=22"},"modified":"2026-01-07T06:53:18","modified_gmt":"2026-01-07T06:53:18","slug":"zone","status":"publish","type":"page","link":"https:\/\/bluedothotel.fr\/fr\/area\/","title":{"rendered":"Zone"},"content":{"rendered":"<div class=\"et_pb_section_0 et_pb_section et_section_regular et_flex_section section_has_divider et_pb_bottom_divider\">\n<div class=\"et_pb_row_0 et_pb_row et_flex_row preset--module--divi-row--default\">\n<div class=\"et_pb_column_0 et_pb_column et-last-child et_flex_column et_pb_css_mix_blend_mode_passthrough et_flex_column_24_24 et_flex_column_24_24_tablet et_flex_column_24_24_phone\">\n<div class=\"et_pb_text_0 et_pb_text et_pb_bg_layout_light et_animated et_pb_module et_flex_module\"><div class=\"et_pb_text_inner\"><h1>Zone<\/h1>\n<\/div><\/div>\n\n<div class=\"et_pb_text_1 et_pb_text et_pb_bg_layout_light et_animated et_pb_module et_flex_module et_flex_column_16_24 et_flex_column_16_24_tablet et_flex_column_24_24_phone\"><div class=\"et_pb_text_inner\"><p>L'H\u00f4tel Blue Dot est situ\u00e9 pr\u00e8s de Magnac-Laval, en Haute-Vienne, une r\u00e9gion r\u00e9put\u00e9e pour sa campagne vallonn\u00e9e, ses for\u00eats et ses lacs. La vie y est calme, spacieuse et \u00e9troitement li\u00e9e \u00e0 la nature. Parfait pour la marche, la baignade, le v\u00e9lo et l'exploration de villages fran\u00e7ais authentiques, le Limousin offre une \u00e9chapp\u00e9e paisible loin des zones touristiques anim\u00e9es, id\u00e9ale pour ralentir et profiter du plein air.<\/p>\n<\/div><\/div>\n<\/div>\n<\/div>\n<div class=\"et_pb_bottom_inside_divider et-no-transition\"><\/div><\/div>\n\n<div class=\"et_pb_section_1 et_pb_section et_section_regular et_flex_section\">\n<div class=\"et_pb_row_1 et_pb_row et_flex_row preset--module--divi-row--default\">\n<div class=\"et_pb_column_1 et_pb_column et_flex_column et_pb_css_mix_blend_mode_passthrough et_flex_column_8_24 et_flex_column_8_24_tablet et_flex_column_24_24_phone\">\n<div class=\"et_pb_image_0 et_pb_image et_animated et_pb_module et_flex_module\"><span class=\"et_pb_image_wrap\"><img loading=\"lazy\" decoding=\"async\" src=\"https:\/\/bluedothotel.fr\/wp-content\/uploads\/2025\/12\/1.jpg\" title=\"1\" width=\"1000\" height=\"800\" srcset=\"https:\/\/bluedothotel.fr\/wp-content\/uploads\/2025\/12\/1.jpg 1000w, https:\/\/bluedothotel.fr\/wp-content\/uploads\/2025\/12\/1-980x784.jpg 980w, https:\/\/bluedothotel.fr\/wp-content\/uploads\/2025\/12\/1-480x384.jpg 480w\" sizes=\"(min-width: 0px) and (max-width: 480px) 480px, (min-width: 481px) and (max-width: 980px) 980px, (min-width: 981px) 1000px, 100vw\" class=\"wp-image-187\" \/><\/span><\/div>\n\n<div class=\"et_pb_group_0 et_pb_group et-last-child et_pb_module et_flex_group et_pb_css_mix_blend_mode_passthrough\">\n<div class=\"et_pb_text_2 et_pb_text et_pb_bg_layout_light et_animated et_pb_module et_flex_module\"><div class=\"et_pb_text_inner\"><h4>Randonn\u00e9e<\/h4>\n<\/div><\/div>\n\n<div class=\"et_pb_text_3 et_pb_text et_pb_bg_layout_light et_animated et_pb_module et_flex_module\"><div class=\"et_pb_text_inner\"><p>Explorez les environs paisibles de Magnac-Laval \u00e0 pied et d\u00e9couvrez le calme et la beaut\u00e9 de la campagne fran\u00e7aise. Des collines ondulantes, des sentiers tranquilles et des for\u00eats font de cette r\u00e9gion un lieu id\u00e9al pour des promenades relaxantes comme pour des randonn\u00e9es plus longues.<\/p>\n<\/div><\/div>\n<\/div>\n<\/div>\n\n<div class=\"et_pb_column_2 et_pb_column et_flex_column et_pb_css_mix_blend_mode_passthrough et_flex_column_8_24 et_flex_column_8_24_tablet et_flex_column_24_24_phone\">\n<div class=\"et_pb_image_1 et_pb_image et_animated et_pb_module et_flex_module\"><span class=\"et_pb_image_wrap\"><img loading=\"lazy\" decoding=\"async\" src=\"https:\/\/bluedothotel.fr\/wp-content\/uploads\/2025\/12\/2.jpg\" title=\"2\" width=\"1000\" height=\"800\" srcset=\"https:\/\/bluedothotel.fr\/wp-content\/uploads\/2025\/12\/2.jpg 1000w, https:\/\/bluedothotel.fr\/wp-content\/uploads\/2025\/12\/2-980x784.jpg 980w, https:\/\/bluedothotel.fr\/wp-content\/uploads\/2025\/12\/2-480x384.jpg 480w\" sizes=\"(min-width: 0px) and (max-width: 480px) 480px, (min-width: 481px) and (max-width: 980px) 980px, (min-width: 981px) 1000px, 100vw\" class=\"wp-image-185\" \/><\/span><\/div>\n\n<div class=\"et_pb_group_1 et_pb_group et-last-child et_pb_module et_flex_group et_pb_css_mix_blend_mode_passthrough\">\n<div class=\"et_pb_text_4 et_pb_text et_pb_bg_layout_light et_animated et_pb_module et_flex_module\"><div class=\"et_pb_text_inner\"><h4>Natation et Lacs<\/h4>\n<\/div><\/div>\n\n<div class=\"et_pb_text_5 et_pb_text et_pb_bg_layout_light et_animated et_pb_module et_flex_module\"><div class=\"et_pb_text_inner\"><p>Profitez de la baignade et de la d\u00e9tente au bord de l'un des nombreux lacs de la r\u00e9gion. Les eaux claires et les plages naturelles autour de Magnac-Laval sont id\u00e9ales pour se rafra\u00eechir lors des journ\u00e9es chaudes ou simplement pour se d\u00e9tendre au bord de l'eau.<\/p>\n<\/div><\/div>\n<\/div>\n<\/div>\n\n<div class=\"et_pb_column_3 et_pb_column et-last-child et_flex_column et_pb_css_mix_blend_mode_passthrough et_flex_column_8_24 et_flex_column_8_24_tablet et_flex_column_24_24_phone\">\n<div class=\"et_pb_image_2 et_pb_image et_animated et_pb_module et_flex_module\"><span class=\"et_pb_image_wrap\"><img loading=\"lazy\" decoding=\"async\" src=\"https:\/\/bluedothotel.fr\/wp-content\/uploads\/2025\/12\/3.jpg\" title=\"3\" width=\"1000\" height=\"800\" srcset=\"https:\/\/bluedothotel.fr\/wp-content\/uploads\/2025\/12\/3.jpg 1000w, https:\/\/bluedothotel.fr\/wp-content\/uploads\/2025\/12\/3-980x784.jpg 980w, https:\/\/bluedothotel.fr\/wp-content\/uploads\/2025\/12\/3-480x384.jpg 480w\" sizes=\"(min-width: 0px) and (max-width: 480px) 480px, (min-width: 481px) and (max-width: 980px) 980px, (min-width: 981px) 1000px, 100vw\" class=\"wp-image-186\" \/><\/span><\/div>\n\n<div class=\"et_pb_group_2 et_pb_group et-last-child et_pb_module et_flex_group et_pb_css_mix_blend_mode_passthrough\">\n<div class=\"et_pb_text_6 et_pb_text et_pb_bg_layout_light et_animated et_pb_module et_flex_module\"><div class=\"et_pb_text_inner\"><h4>V\u00e9lo &amp; V\u00e9lo \u00e9lectrique<\/h4>\n<\/div><\/div>\n\n<div class=\"et_pb_text_7 et_pb_text et_pb_bg_layout_light et_animated et_pb_module et_flex_module\"><div class=\"et_pb_text_inner\"><p>D\u00e9couvrez la r\u00e9gion \u00e0 votre rythme, \u00e0 v\u00e9lo ou \u00e0 v\u00e9lo \u00e9lectrique. Des routes de campagne calmes et des itin\u00e9raires pittoresques vous m\u00e8nent \u00e0 travers des villages charmants, des terres agricoles et une nature pr\u00e9serv\u00e9e, faisant de chaque sortie un plaisir.<\/p>\n<\/div><\/div>\n<\/div>\n<\/div>\n<\/div>\n<\/div>","protected":false},"excerpt":{"rendered":"","protected":false},"author":1,"featured_media":0,"parent":0,"menu_order":0,"comment_status":"closed","ping_status":"closed","template":"","meta":{"footnotes":""},"class_list":["post-22","page","type-page","status-publish","hentry"],"yoast_head":"<!-- This site is optimized with the Yoast SEO plugin v27.4 - https:\/\/yoast.com\/product\/yoast-seo-wordpress\/ -->\n<title>Area - Blue Dot Hotel<\/title>\n<meta name=\"robots\" content=\"index, follow, max-snippet:-1, max-image-preview:large, max-video-preview:-1\" \/>\n<link rel=\"canonical\" href=\"https:\/\/bluedothotel.fr\/fr\/zone\/\" \/>\n<meta property=\"og:locale\" content=\"fr_FR\" \/>\n<meta property=\"og:type\" content=\"article\" \/>\n<meta property=\"og:title\" content=\"Area - Blue Dot Hotel\" \/>\n<meta property=\"og:url\" content=\"https:\/\/bluedothotel.fr\/fr\/zone\/\" \/>\n<meta property=\"og:site_name\" content=\"Blue Dot Hotel\" \/>\n<meta property=\"article:modified_time\" content=\"2026-01-07T06:53:18+00:00\" \/>\n<meta name=\"twitter:card\" content=\"summary_large_image\" \/>\n<script type=\"application\/ld+json\" class=\"yoast-schema-graph\">{\"@context\":\"https:\\\/\\\/schema.org\",\"@graph\":[{\"@type\":\"WebPage\",\"@id\":\"https:\\\/\\\/bluedothotel.fr\\\/area\\\/\",\"url\":\"https:\\\/\\\/bluedothotel.fr\\\/area\\\/\",\"name\":\"Area - Blue Dot Hotel\",\"isPartOf\":{\"@id\":\"https:\\\/\\\/bluedothotel.fr\\\/#website\"},\"datePublished\":\"2025-12-05T14:44:47+00:00\",\"dateModified\":\"2026-01-07T06:53:18+00:00\",\"breadcrumb\":{\"@id\":\"https:\\\/\\\/bluedothotel.fr\\\/area\\\/#breadcrumb\"},\"inLanguage\":\"fr-FR\",\"potentialAction\":[{\"@type\":\"ReadAction\",\"target\":[\"https:\\\/\\\/bluedothotel.fr\\\/area\\\/\"]}]},{\"@type\":\"BreadcrumbList\",\"@id\":\"https:\\\/\\\/bluedothotel.fr\\\/area\\\/#breadcrumb\",\"itemListElement\":[{\"@type\":\"ListItem\",\"position\":1,\"name\":\"Home\",\"item\":\"https:\\\/\\\/bluedothotel.fr\\\/\"},{\"@type\":\"ListItem\",\"position\":2,\"name\":\"Area\"}]},{\"@type\":\"WebSite\",\"@id\":\"https:\\\/\\\/bluedothotel.fr\\\/#website\",\"url\":\"https:\\\/\\\/bluedothotel.fr\\\/\",\"name\":\"Blue Dot Hotel\",\"description\":\"100% Vegan B&amp;B\",\"publisher\":{\"@id\":\"https:\\\/\\\/bluedothotel.fr\\\/#organization\"},\"potentialAction\":[{\"@type\":\"SearchAction\",\"target\":{\"@type\":\"EntryPoint\",\"urlTemplate\":\"https:\\\/\\\/bluedothotel.fr\\\/?s={search_term_string}\"},\"query-input\":{\"@type\":\"PropertyValueSpecification\",\"valueRequired\":true,\"valueName\":\"search_term_string\"}}],\"inLanguage\":\"fr-FR\"},{\"@type\":\"Organization\",\"@id\":\"https:\\\/\\\/bluedothotel.fr\\\/#organization\",\"name\":\"Blue Dot Hotel\",\"url\":\"https:\\\/\\\/bluedothotel.fr\\\/\",\"logo\":{\"@type\":\"ImageObject\",\"inLanguage\":\"fr-FR\",\"@id\":\"https:\\\/\\\/bluedothotel.fr\\\/#\\\/schema\\\/logo\\\/image\\\/\",\"url\":\"https:\\\/\\\/bluedothotel.fr\\\/wp-content\\\/uploads\\\/2026\\\/01\\\/vegan-bed-and-breakfast-france-logo.png\",\"contentUrl\":\"https:\\\/\\\/bluedothotel.fr\\\/wp-content\\\/uploads\\\/2026\\\/01\\\/vegan-bed-and-breakfast-france-logo.png\",\"width\":500,\"height\":94,\"caption\":\"Blue Dot Hotel\"},\"image\":{\"@id\":\"https:\\\/\\\/bluedothotel.fr\\\/#\\\/schema\\\/logo\\\/image\\\/\"}}]}<\/script>\n<!-- \/ Yoast SEO plugin. -->","yoast_head_json":{"title":"Zone - H\u00f4tel Blue Dot","robots":{"index":"index","follow":"follow","max-snippet":"max-snippet:-1","max-image-preview":"max-image-preview:large","max-video-preview":"max-video-preview:-1"},"canonical":"https:\/\/bluedothotel.fr\/fr\/zone\/","og_locale":"fr_FR","og_type":"article","og_title":"Area - Blue Dot Hotel","og_url":"https:\/\/bluedothotel.fr\/fr\/zone\/","og_site_name":"Blue Dot Hotel","article_modified_time":"2026-01-07T06:53:18+00:00","twitter_card":"summary_large_image","schema":{"@context":"https:\/\/schema.org","@graph":[{"@type":"WebPage","@id":"https:\/\/bluedothotel.fr\/area\/","url":"https:\/\/bluedothotel.fr\/area\/","name":"Zone - H\u00f4tel Blue Dot","isPartOf":{"@id":"https:\/\/bluedothotel.fr\/#website"},"datePublished":"2025-12-05T14:44:47+00:00","dateModified":"2026-01-07T06:53:18+00:00","breadcrumb":{"@id":"https:\/\/bluedothotel.fr\/area\/#breadcrumb"},"inLanguage":"fr-FR","potentialAction":[{"@type":"ReadAction","target":["https:\/\/bluedothotel.fr\/area\/"]}]},{"@type":"BreadcrumbList","@id":"https:\/\/bluedothotel.fr\/area\/#breadcrumb","itemListElement":[{"@type":"ListItem","position":1,"name":"Home","item":"https:\/\/bluedothotel.fr\/"},{"@type":"ListItem","position":2,"name":"Area"}]},{"@type":"WebSite","@id":"https:\/\/bluedothotel.fr\/#website","url":"https:\/\/bluedothotel.fr\/","name":"H\u00f4tel Blue Dot","description":"100% Vegan B&amp;B","publisher":{"@id":"https:\/\/bluedothotel.fr\/#organization"},"potentialAction":[{"@type":"SearchAction","target":{"@type":"EntryPoint","urlTemplate":"https:\/\/bluedothotel.fr\/?s={search_term_string}"},"query-input":{"@type":"PropertyValueSpecification","valueRequired":true,"valueName":"search_term_string"}}],"inLanguage":"fr-FR"},{"@type":"Organization","@id":"https:\/\/bluedothotel.fr\/#organization","name":"H\u00f4tel Blue Dot","url":"https:\/\/bluedothotel.fr\/","logo":{"@type":"ImageObject","inLanguage":"fr-FR","@id":"https:\/\/bluedothotel.fr\/#\/schema\/logo\/image\/","url":"https:\/\/bluedothotel.fr\/wp-content\/uploads\/2026\/01\/vegan-bed-and-breakfast-france-logo.png","contentUrl":"https:\/\/bluedothotel.fr\/wp-content\/uploads\/2026\/01\/vegan-bed-and-breakfast-france-logo.png","width":500,"height":94,"caption":"Blue Dot Hotel"},"image":{"@id":"https:\/\/bluedothotel.fr\/#\/schema\/logo\/image\/"}}]}},"_links":{"self":[{"href":"https:\/\/bluedothotel.fr\/fr\/wp-json\/wp\/v2\/pages\/22","targetHints":{"allow":["GET"]}}],"collection":[{"href":"https:\/\/bluedothotel.fr\/fr\/wp-json\/wp\/v2\/pages"}],"about":[{"href":"https:\/\/bluedothotel.fr\/fr\/wp-json\/wp\/v2\/types\/page"}],"author":[{"embeddable":true,"href":"https:\/\/bluedothotel.fr\/fr\/wp-json\/wp\/v2\/users\/1"}],"replies":[{"embeddable":true,"href":"https:\/\/bluedothotel.fr\/fr\/wp-json\/wp\/v2\/comments?post=22"}],"version-history":[{"count":10,"href":"https:\/\/bluedothotel.fr\/fr\/wp-json\/wp\/v2\/pages\/22\/revisions"}],"predecessor-version":[{"id":396,"href":"https:\/\/bluedothotel.fr\/fr\/wp-json\/wp\/v2\/pages\/22\/revisions\/396"}],"wp:attachment":[{"href":"https:\/\/bluedothotel.fr\/fr\/wp-json\/wp\/v2\/media?parent=22"}],"curies":[{"name":"wp","href":"https:\/\/api.w.org\/{rel}","templated":true}]}}