{"id":32,"date":"2025-12-05T14:45:31","date_gmt":"2025-12-05T14:45:31","guid":{"rendered":"https:\/\/bluedothotel.fr\/?page_id=32"},"modified":"2026-02-03T13:08:37","modified_gmt":"2026-02-03T13:08:37","slug":"contact","status":"publish","type":"page","link":"https:\/\/bluedothotel.fr\/fr\/contact\/","title":{"rendered":"Contact"},"content":{"rendered":"<div class=\"et_pb_section_0 et_pb_section et_section_regular et_flex_section section_has_divider et_pb_bottom_divider\">\n<div class=\"et_pb_row_0 et_pb_row et_flex_row preset--module--divi-row--default\">\n<div class=\"et_pb_column_0 et_pb_column et-last-child et_flex_column et_pb_css_mix_blend_mode_passthrough et_flex_column_24_24 et_flex_column_24_24_tablet et_flex_column_24_24_phone\">\n<div class=\"et_pb_text_0 et_pb_text et_pb_bg_layout_light et_animated et_pb_module et_flex_module\"><div class=\"et_pb_text_inner\"><h1>Prendre contact<\/h1>\n<\/div><\/div>\n\n<div class=\"et_pb_text_1 et_pb_text et_pb_bg_layout_light et_animated et_pb_module et_flex_module et_flex_column_16_24 et_flex_column_16_24_tablet et_flex_column_24_24_phone\"><div class=\"et_pb_text_inner\"><p>Blue Dot Hotel est un petit B&amp;B personnel, le contact direct fait donc partie de l'exp\u00e9rience. Que vous pr\u00e9voyiez un court s\u00e9jour, un s\u00e9jour plus long ou que vous voyagiez en groupe, n'h\u00e9sitez pas \u00e0 nous contacter.<\/p>\n<\/div><\/div>\n<\/div>\n<\/div>\n<div class=\"et_pb_bottom_inside_divider et-no-transition\"><\/div><\/div>\n\n<div class=\"et_pb_section_1 et_pb_section et_section_regular et_block_section\">\n<div class=\"et_pb_row_1 et_pb_row et_flex_row preset--module--divi-row--default\">\n<div class=\"et_pb_column_1 et_pb_column et_flex_column et_pb_css_mix_blend_mode_passthrough et_flex_column_12_24 et_flex_column_12_24_tablet et_flex_column_24_24_phone\">\n<div class=\"et_pb_text_2 et_pb_text et_pb_bg_layout_light et_animated et_pb_module et_flex_module\"><div class=\"et_pb_text_inner\"><p><strong>Enregistrement et d\u00e9part<\/strong><br \/>Arriv\u00e9e : \u00e0 partir de 15h00<br \/>D\u00e9part : jusqu'\u00e0 11h00<\/p>\n<p>Si vous pr\u00e9voyez d'arriver en dehors de ces horaires, veuillez nous en informer, nous sommes flexibles dans la mesure du possible.<\/p>\n<p><strong>H\u00f4tel Blue Dot<\/strong><br \/>Magnac-Laval, Haute-Vienne<br \/>Limousin, France<\/p>\n<p><strong>Contact<\/strong><br \/>T\u00e9l : <a href=\"tel:0031-643039039\">0031-643039039<\/a><br \/>Courrier : <a href=\"mailto:info@bluedothotel.fr\">info@bluedothotel.fr<\/a><\/p>\n<\/div><\/div>\n\n<div class=\"et_pb_row_2 et_pb_row et_pb_row_nested et_flex_row preset--module--divi-row--default\">\n<div class=\"et_pb_column_2 et_pb_column et-last-child et_flex_column et_pb_css_mix_blend_mode_passthrough et_flex_column_24_24 et_flex_column_24_24_tablet et_flex_column_24_24_phone\">\n<div class=\"et_pb_code_0 et_pb_code et_animated et_pb_module\"><div class=\"et_pb_code_inner\"><iframe src=\"https:\/\/www.google.com\/maps\/embed?pb=!1m18!1m12!1m3!1d113028.83096842171!2d1.0878223315965958!3d46.23819308706447!2m3!1f0!2f0!3f0!3m2!1i1024!2i768!4f13.1!3m3!1m2!1s0x47fc0212a7b008a7%3A0x8220e57ababddc88!2s87190%20Magnac-Laval%2C%20Frankrijk!5e1!3m2!1snl!2snl!4v1765356617466!5m2!1snl!2snl\" width=\"100%\" height=\"300\" style=\"border:0;\" allowfullscreen=\"\" loading=\"lazy\" referrerpolicy=\"no-referrer-when-downgrade\"><\/iframe><\/div><\/div>\n<\/div>\n<\/div>\n<\/div>\n\n<div class=\"et_pb_column_3 et_pb_column et-last-child et_flex_column et_pb_css_mix_blend_mode_passthrough et_flex_column_12_24 et_flex_column_12_24_tablet et_flex_column_24_24_phone\">\n<div class=\"et_pb_text_3 et_pb_text et_pb_bg_layout_light et_animated et_pb_module et_flex_module\"><div class=\"et_pb_text_inner\"><h3>Formulaire de contact<\/h3>\n<\/div><\/div>\n\n<div class=\"et_pb_text_4 et_pb_text et_pb_bg_layout_light et_animated et_pb_module et_flex_module\"><div class=\"et_pb_text_inner\"><p>Vous avez une question ou une demande sp\u00e9ciale ? Remplissez le formulaire ci-dessous et nous vous r\u00e9pondrons dans les plus brefs d\u00e9lais.<\/p>\n<\/div><\/div>\n\n<div class=\"et_pb_contact_form_0 et_pb_contact_form_container clearfix et_pb_recaptcha_enabled et_animated et_pb_module et_flex_module\" data-form_unique_num=\"0\" data-form_unique_id=\"94ce09e6-b195-42d4-90f5-eeecdf2bcc5d\" id=\"et_pb_contact_form_94ce09e6-b195-42d4-90f5-eeecdf2bcc5d\"><div class=\"et-pb-contact-message\"><\/div><div class=\"et_pb_contact\"><form class=\"et_pb_contact_form et_flex_module\" method=\"post\" action=\"https:\/\/bluedothotel.fr\/fr\/wp-json\/wp\/v2\/pages\/32\" data-trp-original-action=\"https:\/\/bluedothotel.fr\/fr\/wp-json\/wp\/v2\/pages\/32\">\n<div class=\"et_pb_contact_field_0 et_pb_contact_field et_pb_module et_flex_module et_flex_column_12_24 et_flex_column_12_24_tablet et_flex_column_24_24_phone\" data-id=\"name\" data-type=\"input\"><label class=\"et_pb_contact_form_label\" for=\"et_pb_contact_0_name_0\">Nom *<\/label><input type=\"text\" name=\"et_pb_contact_0_name_0\" id=\"et_pb_contact_0_name_0\" class=\"input\" data-required_mark=\"required\" data-field_type=\"input\" data-original_id=\"name\" placeholder=\"Nom *\" pattern=\".{0,100}\" title=\"Longueur maximale : 100 caract\u00e8res.\" maxlength=\"100\" value=\"\" \/><\/div>\n\n<div class=\"et_pb_contact_field_1 et_pb_contact_field et_pb_module et_flex_module et_flex_column_12_24 et_flex_column_12_24_tablet et_flex_column_24_24_phone\" data-id=\"e-mail\" data-type=\"email\"><label class=\"et_pb_contact_form_label\" for=\"et_pb_contact_0_e-mail_1\">E-Mail *<\/label><input type=\"text\" name=\"et_pb_contact_0_e-mail_1\" id=\"et_pb_contact_0_e-mail_1\" class=\"input\" data-required_mark=\"required\" data-field_type=\"email\" data-original_id=\"e-mail\" placeholder=\"E-Mail *\" title=\"\" value=\"\" \/><\/div>\n\n<div class=\"et_pb_contact_field_2 et_pb_contact_field et_pb_module et_flex_module et_flex_column_12_24 et_flex_column_12_24_tablet et_flex_column_24_24_phone\" data-id=\"phone_number\" data-type=\"input\"><label class=\"et_pb_contact_form_label\" for=\"et_pb_contact_0_phone_number_2\">Num\u00e9ro de t\u00e9l\u00e9phone *<\/label><input type=\"text\" name=\"et_pb_contact_0_phone_number_2\" id=\"et_pb_contact_0_phone_number_2\" class=\"input\" data-required_mark=\"required\" data-field_type=\"input\" data-original_id=\"phone_number\" placeholder=\"Num\u00e9ro de t\u00e9l\u00e9phone *\" pattern=\".{0,100}\" title=\"Longueur maximale : 100 caract\u00e8res.\" maxlength=\"100\" value=\"\" \/><\/div>\n\n<div class=\"et_pb_contact_field_3 et_pb_contact_field et_pb_module et_flex_module et_flex_column_12_24 et_flex_column_12_24_tablet et_flex_column_24_24_phone\" data-id=\"subject\" data-type=\"select\"><label class=\"et_pb_contact_form_label\" for=\"et_pb_contact_0_subject_3\">Sujet<\/label><select name=\"et_pb_contact_0_subject_3\" id=\"et_pb_contact_0_subject_3\" class=\"et_pb_contact_select input\" data-required_mark=\"not_required\" data-field_type=\"select\" data-original_id=\"subject\"><option value=\"\">Sujet<\/option><option value=\"Even kennismaken\" data-id=\"\">M\u00eame kennismaken<\/option><option value=\"Vraag over een dienst\" data-id=\"\">Pour plus d'informations sur les d\u00e9lais d'attente<\/option><option value=\"Iets anders\" data-id=\"\">Iets anders<\/option><\/select><\/div>\n\n<div class=\"et_pb_contact_field_4 et_pb_contact_field et_pb_module et_flex_module et_flex_column_24_24 et_flex_column_24_24_tablet et_flex_column_24_24_phone pa-contact-form-submit-fullwidth\" data-id=\"message\" data-type=\"text\"><label class=\"et_pb_contact_form_label\" for=\"et_pb_contact_0_message_4\">Tapez ici ce que vous voulez envoyer... *<\/label><textarea name=\"et_pb_contact_0_message_4\" id=\"et_pb_contact_0_message_4\" class=\"et_pb_contact_message input\" data-required_mark=\"required\" data-field_type=\"text\" data-original_id=\"message\" placeholder=\"Tapez ici ce que vous voulez envoyer... *\"><\/textarea><\/div>\n<input type=\"hidden\" name=\"et_pb_contactform_submit_94ce09e6-b195-42d4-90f5-eeecdf2bcc5d\" value=\"et_contact_proccess\" \/><div class=\"et_contact_bottom_container\"><div class=\"et_pb_button_wrapper\"><button type=\"submit\" name=\"et_builder_submit_button\" class=\"et_pb_button et_pb_contact_submit\">Envoyer un message<\/button><\/div><\/div><input type=\"hidden\" id=\"_wpnonce-et-pb-contact-form-submitted-94ce09e6-b195-42d4-90f5-eeecdf2bcc5d\" name=\"_wpnonce-et-pb-contact-form-submitted-94ce09e6-b195-42d4-90f5-eeecdf2bcc5d\" value=\"ce76cb5c37\" \/><input type=\"hidden\" name=\"_wp_http_referer\" value=\"\/fr\/wp-json\/wp\/v2\/pages\/32\" \/><input type=\"hidden\" name=\"trp-form-language\" value=\"fr\"\/><\/form><\/div><\/div>\n\n<div class=\"et_pb_text_5 et_pb_text et_pb_bg_layout_light et_animated et_pb_module et_flex_module\"><div class=\"et_pb_text_inner\"><p>Nous sommes impatients de vous accueillir au Blue Dot Hotel et de vous offrir un s\u00e9jour vraiment d\u00e9tendu, durable et enti\u00e8rement v\u00e9g\u00e9talien au c\u0153ur de la France.<\/p>\n<\/div><\/div>\n\n<div class=\"et_pb_toggle_0 et_pb_toggle et_pb_toggle_item et_pb_toggle_close et_animated et_pb_module et_flex_module\"><h5 class=\"et_pb_toggle_title\">Comment traitons-nous vos donn\u00e9es personnelles ?<\/h5><div class=\"et_pb_toggle_content clearfix et_flex_module\"><p>Exactement comme nous aimerions que nos propres donn\u00e9es soient trait\u00e9es.<\/p>\n<p>Votre vie priv\u00e9e est importante. Nous n'utilisons vos donn\u00e9es que pour r\u00e9pondre \u00e0 votre message ou pour traiter votre r\u00e9servation ou votre demande. Vos informations ne sont jamais communiqu\u00e9es \u00e0 des tiers et sont toujours trait\u00e9es avec soin et en toute confidentialit\u00e9.<\/p>\n<p>Toutes les donn\u00e9es sont transmises via des serveurs n\u00e9erlandais ou allemands et sont enti\u00e8rement prot\u00e9g\u00e9es par la l\u00e9gislation europ\u00e9enne sur la protection des donn\u00e9es (GDPR).<\/p>\n<\/div><\/div>\n<\/div>\n<\/div>\n<\/div>","protected":false},"excerpt":{"rendered":"","protected":false},"author":1,"featured_media":0,"parent":0,"menu_order":0,"comment_status":"closed","ping_status":"closed","template":"","meta":{"footnotes":""},"class_list":["post-32","page","type-page","status-publish","hentry"],"yoast_head":"<!-- This site is optimized with the Yoast SEO plugin v27.4 - https:\/\/yoast.com\/product\/yoast-seo-wordpress\/ -->\n<title>Contact - Blue Dot Hotel<\/title>\n<meta name=\"robots\" content=\"index, follow, max-snippet:-1, max-image-preview:large, max-video-preview:-1\" \/>\n<link rel=\"canonical\" href=\"https:\/\/bluedothotel.fr\/fr\/contact\/\" \/>\n<meta property=\"og:locale\" content=\"fr_FR\" \/>\n<meta property=\"og:type\" content=\"article\" \/>\n<meta property=\"og:title\" content=\"Contact - Blue Dot Hotel\" \/>\n<meta property=\"og:url\" content=\"https:\/\/bluedothotel.fr\/fr\/contact\/\" \/>\n<meta property=\"og:site_name\" content=\"Blue Dot Hotel\" \/>\n<meta property=\"article:modified_time\" content=\"2026-02-03T13:08:37+00:00\" \/>\n<meta name=\"twitter:card\" content=\"summary_large_image\" \/>\n<script type=\"application\/ld+json\" class=\"yoast-schema-graph\">{\"@context\":\"https:\\\/\\\/schema.org\",\"@graph\":[{\"@type\":\"WebPage\",\"@id\":\"https:\\\/\\\/bluedothotel.fr\\\/contact\\\/\",\"url\":\"https:\\\/\\\/bluedothotel.fr\\\/contact\\\/\",\"name\":\"Contact - Blue Dot Hotel\",\"isPartOf\":{\"@id\":\"https:\\\/\\\/bluedothotel.fr\\\/#website\"},\"datePublished\":\"2025-12-05T14:45:31+00:00\",\"dateModified\":\"2026-02-03T13:08:37+00:00\",\"breadcrumb\":{\"@id\":\"https:\\\/\\\/bluedothotel.fr\\\/contact\\\/#breadcrumb\"},\"inLanguage\":\"fr-FR\",\"potentialAction\":[{\"@type\":\"ReadAction\",\"target\":[\"https:\\\/\\\/bluedothotel.fr\\\/contact\\\/\"]}]},{\"@type\":\"BreadcrumbList\",\"@id\":\"https:\\\/\\\/bluedothotel.fr\\\/contact\\\/#breadcrumb\",\"itemListElement\":[{\"@type\":\"ListItem\",\"position\":1,\"name\":\"Home\",\"item\":\"https:\\\/\\\/bluedothotel.fr\\\/\"},{\"@type\":\"ListItem\",\"position\":2,\"name\":\"Contact\"}]},{\"@type\":\"WebSite\",\"@id\":\"https:\\\/\\\/bluedothotel.fr\\\/#website\",\"url\":\"https:\\\/\\\/bluedothotel.fr\\\/\",\"name\":\"Blue Dot Hotel\",\"description\":\"100% Vegan B&amp;B\",\"publisher\":{\"@id\":\"https:\\\/\\\/bluedothotel.fr\\\/#organization\"},\"potentialAction\":[{\"@type\":\"SearchAction\",\"target\":{\"@type\":\"EntryPoint\",\"urlTemplate\":\"https:\\\/\\\/bluedothotel.fr\\\/?s={search_term_string}\"},\"query-input\":{\"@type\":\"PropertyValueSpecification\",\"valueRequired\":true,\"valueName\":\"search_term_string\"}}],\"inLanguage\":\"fr-FR\"},{\"@type\":\"Organization\",\"@id\":\"https:\\\/\\\/bluedothotel.fr\\\/#organization\",\"name\":\"Blue Dot Hotel\",\"url\":\"https:\\\/\\\/bluedothotel.fr\\\/\",\"logo\":{\"@type\":\"ImageObject\",\"inLanguage\":\"fr-FR\",\"@id\":\"https:\\\/\\\/bluedothotel.fr\\\/#\\\/schema\\\/logo\\\/image\\\/\",\"url\":\"https:\\\/\\\/bluedothotel.fr\\\/wp-content\\\/uploads\\\/2026\\\/01\\\/vegan-bed-and-breakfast-france-logo.png\",\"contentUrl\":\"https:\\\/\\\/bluedothotel.fr\\\/wp-content\\\/uploads\\\/2026\\\/01\\\/vegan-bed-and-breakfast-france-logo.png\",\"width\":500,\"height\":94,\"caption\":\"Blue Dot Hotel\"},\"image\":{\"@id\":\"https:\\\/\\\/bluedothotel.fr\\\/#\\\/schema\\\/logo\\\/image\\\/\"}}]}<\/script>\n<!-- \/ Yoast SEO plugin. -->","yoast_head_json":{"title":"Contact - Blue Dot Hotel","robots":{"index":"index","follow":"follow","max-snippet":"max-snippet:-1","max-image-preview":"max-image-preview:large","max-video-preview":"max-video-preview:-1"},"canonical":"https:\/\/bluedothotel.fr\/fr\/contact\/","og_locale":"fr_FR","og_type":"article","og_title":"Contact - Blue Dot Hotel","og_url":"https:\/\/bluedothotel.fr\/fr\/contact\/","og_site_name":"Blue Dot Hotel","article_modified_time":"2026-02-03T13:08:37+00:00","twitter_card":"summary_large_image","schema":{"@context":"https:\/\/schema.org","@graph":[{"@type":"WebPage","@id":"https:\/\/bluedothotel.fr\/contact\/","url":"https:\/\/bluedothotel.fr\/contact\/","name":"Contact - Blue Dot Hotel","isPartOf":{"@id":"https:\/\/bluedothotel.fr\/#website"},"datePublished":"2025-12-05T14:45:31+00:00","dateModified":"2026-02-03T13:08:37+00:00","breadcrumb":{"@id":"https:\/\/bluedothotel.fr\/contact\/#breadcrumb"},"inLanguage":"fr-FR","potentialAction":[{"@type":"ReadAction","target":["https:\/\/bluedothotel.fr\/contact\/"]}]},{"@type":"BreadcrumbList","@id":"https:\/\/bluedothotel.fr\/contact\/#breadcrumb","itemListElement":[{"@type":"ListItem","position":1,"name":"Home","item":"https:\/\/bluedothotel.fr\/"},{"@type":"ListItem","position":2,"name":"Contact"}]},{"@type":"WebSite","@id":"https:\/\/bluedothotel.fr\/#website","url":"https:\/\/bluedothotel.fr\/","name":"H\u00f4tel Blue Dot","description":"100% Vegan B&amp;B","publisher":{"@id":"https:\/\/bluedothotel.fr\/#organization"},"potentialAction":[{"@type":"SearchAction","target":{"@type":"EntryPoint","urlTemplate":"https:\/\/bluedothotel.fr\/?s={search_term_string}"},"query-input":{"@type":"PropertyValueSpecification","valueRequired":true,"valueName":"search_term_string"}}],"inLanguage":"fr-FR"},{"@type":"Organization","@id":"https:\/\/bluedothotel.fr\/#organization","name":"H\u00f4tel Blue Dot","url":"https:\/\/bluedothotel.fr\/","logo":{"@type":"ImageObject","inLanguage":"fr-FR","@id":"https:\/\/bluedothotel.fr\/#\/schema\/logo\/image\/","url":"https:\/\/bluedothotel.fr\/wp-content\/uploads\/2026\/01\/vegan-bed-and-breakfast-france-logo.png","contentUrl":"https:\/\/bluedothotel.fr\/wp-content\/uploads\/2026\/01\/vegan-bed-and-breakfast-france-logo.png","width":500,"height":94,"caption":"Blue Dot Hotel"},"image":{"@id":"https:\/\/bluedothotel.fr\/#\/schema\/logo\/image\/"}}]}},"_links":{"self":[{"href":"https:\/\/bluedothotel.fr\/fr\/wp-json\/wp\/v2\/pages\/32","targetHints":{"allow":["GET"]}}],"collection":[{"href":"https:\/\/bluedothotel.fr\/fr\/wp-json\/wp\/v2\/pages"}],"about":[{"href":"https:\/\/bluedothotel.fr\/fr\/wp-json\/wp\/v2\/types\/page"}],"author":[{"embeddable":true,"href":"https:\/\/bluedothotel.fr\/fr\/wp-json\/wp\/v2\/users\/1"}],"replies":[{"embeddable":true,"href":"https:\/\/bluedothotel.fr\/fr\/wp-json\/wp\/v2\/comments?post=32"}],"version-history":[{"count":16,"href":"https:\/\/bluedothotel.fr\/fr\/wp-json\/wp\/v2\/pages\/32\/revisions"}],"predecessor-version":[{"id":556,"href":"https:\/\/bluedothotel.fr\/fr\/wp-json\/wp\/v2\/pages\/32\/revisions\/556"}],"wp:attachment":[{"href":"https:\/\/bluedothotel.fr\/fr\/wp-json\/wp\/v2\/media?parent=32"}],"curies":[{"name":"wp","href":"https:\/\/api.w.org\/{rel}","templated":true}]}}