{"id":42,"date":"2025-12-05T14:46:29","date_gmt":"2025-12-05T14:46:29","guid":{"rendered":"https:\/\/bluedothotel.fr\/?page_id=42"},"modified":"2026-03-19T08:01:33","modified_gmt":"2026-03-19T08:01:33","slug":"hebergement","status":"publish","type":"page","link":"https:\/\/bluedothotel.fr\/fr\/accommodations\/","title":{"rendered":"H\u00e9bergement"},"content":{"rendered":"<div class=\"et_pb_section_0 et_pb_section et_section_regular et_flex_section section_has_divider et_pb_bottom_divider\">\n<div class=\"et_pb_row_0 et_pb_row et_flex_row preset--module--divi-row--default\">\n<div class=\"et_pb_column_0 et_pb_column et-last-child et_flex_column et_pb_css_mix_blend_mode_passthrough et_flex_column_24_24 et_flex_column_24_24_tablet et_flex_column_24_24_phone\">\n<div class=\"et_pb_text_0 et_pb_text et_pb_bg_layout_light et_animated et_pb_module et_flex_module\"><div class=\"et_pb_text_inner\"><h1>H\u00e9bergement<\/h1>\n<\/div><\/div>\n\n<div class=\"et_pb_text_1 et_pb_text et_pb_bg_layout_light et_animated et_pb_module et_flex_module et_flex_column_16_24 et_flex_column_16_24_tablet et_flex_column_24_24_phone\"><div class=\"et_pb_text_inner\"><p>Nos h\u00e9bergements offrent un s\u00e9jour d\u00e9tendu et confortable au c\u0153ur de la campagne fran\u00e7aise. Con\u00e7us avec soin et entour\u00e9s par la nature, ils offrent l'endroit id\u00e9al pour se d\u00e9tendre.<\/p>\n<\/div><\/div>\n<\/div>\n<\/div>\n<div class=\"et_pb_bottom_inside_divider et-no-transition\"><\/div><\/div>\n\n<div class=\"et_pb_section_1 et_pb_section et_section_regular et_flex_section\">\n<div class=\"et_pb_row_1 et_pb_row et_flex_row preset--module--divi-row--default\">\n<div class=\"et_pb_column_1 et_pb_column et-last-child et_flex_column et_pb_css_mix_blend_mode_passthrough et_flex_column_24_24 et_flex_column_24_24_tablet et_flex_column_24_24_phone\">\n<div class=\"et_pb_group_carousel_0 et_pb_group_carousel et_pb_group et_pb_module et_pb_group_carousel_center_mode et_pb_group_carousel_arrows_inside et_pb_group_carousel_dots_disabled et_pb_group_carousel_slides_2\"><div class=\"et_pb_group_carousel_container\"><div class=\"et_pb_group_carousel_track\"><div class=\"et_pb_group_carousel_slide\"><div class=\"et_pb_group_0 et_pb_group et_pb_module et_flex_group et_pb_css_mix_blend_mode_passthrough\">\n<div class=\"et_pb_image_0 et_pb_image et_pb_module et_flex_module\"><a href=\"https:\/\/bluedothotel.fr\/wp-content\/uploads\/2026\/01\/vegan-bed-and-breakfast-france-1.jpg\" class=\"et_pb_lightbox_image\"><span class=\"et_pb_image_wrap\"><img loading=\"lazy\" decoding=\"async\" src=\"https:\/\/bluedothotel.fr\/wp-content\/uploads\/2026\/01\/vegan-bed-and-breakfast-france-1.jpg\" title=\"chambres d&#039;h\u00f4tes v\u00e9g\u00e9taliennes france\" width=\"1620\" height=\"1080\" srcset=\"https:\/\/bluedothotel.fr\/wp-content\/uploads\/2026\/01\/vegan-bed-and-breakfast-france-1.jpg 1620w, https:\/\/bluedothotel.fr\/wp-content\/uploads\/2026\/01\/vegan-bed-and-breakfast-france-1-1280x853.jpg 1280w, https:\/\/bluedothotel.fr\/wp-content\/uploads\/2026\/01\/vegan-bed-and-breakfast-france-1-980x653.jpg 980w, https:\/\/bluedothotel.fr\/wp-content\/uploads\/2026\/01\/vegan-bed-and-breakfast-france-1-480x320.jpg 480w\" sizes=\"(min-width: 0px) and (max-width: 480px) 480px, (min-width: 481px) and (max-width: 980px) 980px, (min-width: 981px) and (max-width: 1280px) 1280px, (min-width: 1281px) 1620px, 100vw\" class=\"wp-image-472\" \/><\/span><\/a><\/div>\n<\/div><\/div><div class=\"et_pb_group_carousel_slide\"><div class=\"et_pb_group_1 et_pb_group et_pb_module et_flex_group et_pb_css_mix_blend_mode_passthrough\">\n<div class=\"et_pb_image_1 et_pb_image et_pb_module et_flex_module\"><a href=\"https:\/\/bluedothotel.fr\/wp-content\/uploads\/2026\/01\/vegan-bed-and-breakfast-france-7.jpg\" class=\"et_pb_lightbox_image\"><span class=\"et_pb_image_wrap\"><img loading=\"lazy\" decoding=\"async\" src=\"https:\/\/bluedothotel.fr\/wp-content\/uploads\/2026\/01\/vegan-bed-and-breakfast-france-7.jpg\" title=\"chambres d&#039;h\u00f4tes v\u00e9g\u00e9taliennes france (7)\" width=\"1620\" height=\"1080\" srcset=\"https:\/\/bluedothotel.fr\/wp-content\/uploads\/2026\/01\/vegan-bed-and-breakfast-france-7.jpg 1620w, https:\/\/bluedothotel.fr\/wp-content\/uploads\/2026\/01\/vegan-bed-and-breakfast-france-7-1280x853.jpg 1280w, https:\/\/bluedothotel.fr\/wp-content\/uploads\/2026\/01\/vegan-bed-and-breakfast-france-7-980x653.jpg 980w, https:\/\/bluedothotel.fr\/wp-content\/uploads\/2026\/01\/vegan-bed-and-breakfast-france-7-480x320.jpg 480w\" sizes=\"(min-width: 0px) and (max-width: 480px) 480px, (min-width: 481px) and (max-width: 980px) 980px, (min-width: 981px) and (max-width: 1280px) 1280px, (min-width: 1281px) 1620px, 100vw\" class=\"wp-image-478\" \/><\/span><\/a><\/div>\n<\/div><\/div><div class=\"et_pb_group_carousel_slide\"><div class=\"et_pb_group_2 et_pb_group et_pb_module et_flex_group et_pb_css_mix_blend_mode_passthrough\">\n<div class=\"et_pb_image_2 et_pb_image et_pb_module et_flex_module\"><a href=\"https:\/\/bluedothotel.fr\/wp-content\/uploads\/2026\/01\/vegan-bed-and-breakfast-france-2-1.jpg\" class=\"et_pb_lightbox_image\"><span class=\"et_pb_image_wrap\"><img loading=\"lazy\" decoding=\"async\" src=\"https:\/\/bluedothotel.fr\/wp-content\/uploads\/2026\/01\/vegan-bed-and-breakfast-france-2-1.jpg\" title=\"chambre d&#039;h\u00f4tes v\u00e9g\u00e9talienne France (2)\" width=\"1620\" height=\"1080\" srcset=\"https:\/\/bluedothotel.fr\/wp-content\/uploads\/2026\/01\/vegan-bed-and-breakfast-france-2-1.jpg 1620w, https:\/\/bluedothotel.fr\/wp-content\/uploads\/2026\/01\/vegan-bed-and-breakfast-france-2-1-1280x853.jpg 1280w, https:\/\/bluedothotel.fr\/wp-content\/uploads\/2026\/01\/vegan-bed-and-breakfast-france-2-1-980x653.jpg 980w, https:\/\/bluedothotel.fr\/wp-content\/uploads\/2026\/01\/vegan-bed-and-breakfast-france-2-1-480x320.jpg 480w\" sizes=\"(min-width: 0px) and (max-width: 480px) 480px, (min-width: 481px) and (max-width: 980px) 980px, (min-width: 981px) and (max-width: 1280px) 1280px, (min-width: 1281px) 1620px, 100vw\" class=\"wp-image-473\" \/><\/span><\/a><\/div>\n<\/div><\/div><div class=\"et_pb_group_carousel_slide\"><div class=\"et_pb_group_3 et_pb_group et_pb_module et_flex_group et_pb_css_mix_blend_mode_passthrough\">\n<div class=\"et_pb_image_3 et_pb_image et_pb_module et_flex_module\"><a href=\"https:\/\/bluedothotel.fr\/wp-content\/uploads\/2026\/01\/vegan-bed-and-breakfast-france-3.jpg\" class=\"et_pb_lightbox_image\"><span class=\"et_pb_image_wrap\"><img loading=\"lazy\" decoding=\"async\" src=\"https:\/\/bluedothotel.fr\/wp-content\/uploads\/2026\/01\/vegan-bed-and-breakfast-france-3.jpg\" title=\"chambres d&#039;h\u00f4tes v\u00e9ganes France (3)\" width=\"1620\" height=\"1080\" srcset=\"https:\/\/bluedothotel.fr\/wp-content\/uploads\/2026\/01\/vegan-bed-and-breakfast-france-3.jpg 1620w, https:\/\/bluedothotel.fr\/wp-content\/uploads\/2026\/01\/vegan-bed-and-breakfast-france-3-1280x853.jpg 1280w, https:\/\/bluedothotel.fr\/wp-content\/uploads\/2026\/01\/vegan-bed-and-breakfast-france-3-980x653.jpg 980w, https:\/\/bluedothotel.fr\/wp-content\/uploads\/2026\/01\/vegan-bed-and-breakfast-france-3-480x320.jpg 480w\" sizes=\"(min-width: 0px) and (max-width: 480px) 480px, (min-width: 481px) and (max-width: 980px) 980px, (min-width: 981px) and (max-width: 1280px) 1280px, (min-width: 1281px) 1620px, 100vw\" class=\"wp-image-474\" \/><\/span><\/a><\/div>\n<\/div><\/div><div class=\"et_pb_group_carousel_slide\"><div class=\"et_pb_group_4 et_pb_group et_pb_module et_flex_group et_pb_css_mix_blend_mode_passthrough\">\n<div class=\"et_pb_image_4 et_pb_image et_pb_module et_flex_module\"><a href=\"https:\/\/bluedothotel.fr\/wp-content\/uploads\/2026\/01\/vegan-bed-and-breakfast-france-4.jpg\" class=\"et_pb_lightbox_image\"><span class=\"et_pb_image_wrap\"><img loading=\"lazy\" decoding=\"async\" src=\"https:\/\/bluedothotel.fr\/wp-content\/uploads\/2026\/01\/vegan-bed-and-breakfast-france-4.jpg\" title=\"chambres d&#039;h\u00f4tes v\u00e9g\u00e9taliennes france (4)\" width=\"1620\" height=\"1080\" srcset=\"https:\/\/bluedothotel.fr\/wp-content\/uploads\/2026\/01\/vegan-bed-and-breakfast-france-4.jpg 1620w, https:\/\/bluedothotel.fr\/wp-content\/uploads\/2026\/01\/vegan-bed-and-breakfast-france-4-1280x853.jpg 1280w, https:\/\/bluedothotel.fr\/wp-content\/uploads\/2026\/01\/vegan-bed-and-breakfast-france-4-980x653.jpg 980w, https:\/\/bluedothotel.fr\/wp-content\/uploads\/2026\/01\/vegan-bed-and-breakfast-france-4-480x320.jpg 480w\" sizes=\"(min-width: 0px) and (max-width: 480px) 480px, (min-width: 481px) and (max-width: 980px) 980px, (min-width: 981px) and (max-width: 1280px) 1280px, (min-width: 1281px) 1620px, 100vw\" class=\"wp-image-475\" \/><\/span><\/a><\/div>\n<\/div><\/div><div class=\"et_pb_group_carousel_slide\"><div class=\"et_pb_group_5 et_pb_group et_pb_module et_flex_group et_pb_css_mix_blend_mode_passthrough\">\n<div class=\"et_pb_image_5 et_pb_image et_pb_module et_flex_module\"><a href=\"https:\/\/bluedothotel.fr\/wp-content\/uploads\/2026\/01\/vegan-bed-and-breakfast-france-5.jpg\" class=\"et_pb_lightbox_image\"><span class=\"et_pb_image_wrap\"><img loading=\"lazy\" decoding=\"async\" src=\"https:\/\/bluedothotel.fr\/wp-content\/uploads\/2026\/01\/vegan-bed-and-breakfast-france-5.jpg\" title=\"chambres d&#039;h\u00f4tes v\u00e9g\u00e9taliennes france (5)\" width=\"1620\" height=\"1080\" srcset=\"https:\/\/bluedothotel.fr\/wp-content\/uploads\/2026\/01\/vegan-bed-and-breakfast-france-5.jpg 1620w, https:\/\/bluedothotel.fr\/wp-content\/uploads\/2026\/01\/vegan-bed-and-breakfast-france-5-1280x853.jpg 1280w, https:\/\/bluedothotel.fr\/wp-content\/uploads\/2026\/01\/vegan-bed-and-breakfast-france-5-980x653.jpg 980w, https:\/\/bluedothotel.fr\/wp-content\/uploads\/2026\/01\/vegan-bed-and-breakfast-france-5-480x320.jpg 480w\" sizes=\"(min-width: 0px) and (max-width: 480px) 480px, (min-width: 481px) and (max-width: 980px) 980px, (min-width: 981px) and (max-width: 1280px) 1280px, (min-width: 1281px) 1620px, 100vw\" class=\"wp-image-476\" \/><\/span><\/a><\/div>\n<\/div><\/div><div class=\"et_pb_group_carousel_slide\"><div class=\"et_pb_group_6 et_pb_group et-last-child et_pb_module et_flex_group et_pb_css_mix_blend_mode_passthrough\">\n<div class=\"et_pb_image_6 et_pb_image et_pb_module et_flex_module\"><a href=\"https:\/\/bluedothotel.fr\/wp-content\/uploads\/2026\/01\/vegan-bed-and-breakfast-france-6.jpg\" class=\"et_pb_lightbox_image\"><span class=\"et_pb_image_wrap\"><img loading=\"lazy\" decoding=\"async\" src=\"https:\/\/bluedothotel.fr\/wp-content\/uploads\/2026\/01\/vegan-bed-and-breakfast-france-6.jpg\" title=\"chambres d&#039;h\u00f4tes v\u00e9g\u00e9taliennes France (6)\" width=\"1620\" height=\"1080\" srcset=\"https:\/\/bluedothotel.fr\/wp-content\/uploads\/2026\/01\/vegan-bed-and-breakfast-france-6.jpg 1620w, https:\/\/bluedothotel.fr\/wp-content\/uploads\/2026\/01\/vegan-bed-and-breakfast-france-6-1280x853.jpg 1280w, https:\/\/bluedothotel.fr\/wp-content\/uploads\/2026\/01\/vegan-bed-and-breakfast-france-6-980x653.jpg 980w, https:\/\/bluedothotel.fr\/wp-content\/uploads\/2026\/01\/vegan-bed-and-breakfast-france-6-480x320.jpg 480w\" sizes=\"(min-width: 0px) and (max-width: 480px) 480px, (min-width: 481px) and (max-width: 980px) 980px, (min-width: 981px) and (max-width: 1280px) 1280px, (min-width: 1281px) 1620px, 100vw\" class=\"wp-image-477\" \/><\/span><\/a><\/div>\n<\/div><\/div><\/div><\/div><span class=\"et_pb_group_carousel_arrow et_pb_group_carousel_arrow_prev\" role=\"button\" tabindex=\"0\" aria-label=\"Diapositive pr\u00e9c\u00e9dente\"><span class=\"et-pb-icon\">\ue03b<\/span><\/span><span class=\"et_pb_group_carousel_arrow et_pb_group_carousel_arrow_next\" role=\"button\" tabindex=\"0\" aria-label=\"Diapositive suivante\"><span class=\"et-pb-icon\">\ue03c<\/span><\/span><\/div>\n<\/div>\n<\/div>\n<\/div>\n\n<div class=\"et_pb_section_2 et_pb_section et_section_regular et_flex_section\">\n<div class=\"et_pb_row_2 et_pb_row et_flex_row preset--module--divi-row--default\">\n<div class=\"et_pb_column_2 et_pb_column et_flex_column et_pb_css_mix_blend_mode_passthrough et_flex_column_12_24 et_flex_column_12_24_tablet et_flex_column_24_24_phone\">\n<div class=\"et_pb_text_2 et_pb_text et_pb_bg_layout_light et_animated et_pb_module et_flex_module\"><div class=\"et_pb_text_inner\"><h2>Du Vegotel prim\u00e9 au Blue Dot Hotel France<\/h2>\n<\/div><\/div>\n\n<div class=\"et_pb_text_3 et_pb_text et_pb_bg_layout_light et_animated et_pb_module et_flex_module\"><div class=\"et_pb_text_inner\"><p>Apr\u00e8s des ann\u00e9es \u00e0 diriger l'un des concepts de B&amp;B v\u00e9g\u00e9taliens les plus acclam\u00e9s d'Europe aux Pays-Bas, nous apportons la vision Blue Dot dans la campagne fran\u00e7aise.<\/p>\n<p>Au Blue Dot Hotel de Magnac-Laval, vous s\u00e9journerez dans une maison fran\u00e7aise traditionnelle \u00e0 l'\u00e2me moderne et \u00e0 faible empreinte \u00e9cologique : int\u00e9rieur d'occasion, \u00e9nergie verte et nourriture v\u00e9g\u00e9talienne 100% - du petit-d\u00e9jeuner \u00e0 la pension compl\u00e8te.<\/p>\n<\/div><\/div>\n\n<div class=\"et_pb_module et_pb_button_module_wrapper et_pb_button_0_wrapper\"><a class=\"et_pb_button_0 et_pb_button et_pb_bg_layout_light et_animated et_pb_module et_flex_module\" href=\"https:\/\/bluedothotel.fr\/fr\/rooms\/\">R\u00e9server une chambre<\/a><\/div>\n<\/div>\n\n<div class=\"et_pb_column_3 et_pb_column et-last-child et_flex_column et_pb_css_mix_blend_mode_passthrough et_flex_column_12_24 et_flex_column_12_24_tablet et_flex_column_24_24_phone\">\n<ul class=\"et_pb_icon_list_0 et_pb_icon_list et_pb_module et_grid_module\">\n<li class=\"et_pb_icon_list_item_0 et_pb_icon_list_item et_pb_module et_flex_module\"><span class=\"et-pb-icon\">N<\/span><div class=\"et_pb_icon_list_text\">Piscine <\/div><\/li>\n\n<li class=\"et_pb_icon_list_item_1 et_pb_icon_list_item et_pb_module et_flex_module\"><span class=\"et-pb-icon\">N<\/span><div class=\"et_pb_icon_list_text\">Salon<\/div><\/li>\n\n<li class=\"et_pb_icon_list_item_2 et_pb_icon_list_item et_pb_module et_flex_module\"><span class=\"et-pb-icon\">N<\/span><div class=\"et_pb_icon_list_text\">Coin repas<\/div><\/li>\n\n<li class=\"et_pb_icon_list_item_3 et_pb_icon_list_item et_pb_module et_flex_module\"><span class=\"et-pb-icon\">N<\/span><div class=\"et_pb_icon_list_text\">Bar ext\u00e9rieur<\/div><\/li>\n\n<li class=\"et_pb_icon_list_item_4 et_pb_icon_list_item et_pb_module et_flex_module\"><span class=\"et-pb-icon\">N<\/span><div class=\"et_pb_icon_list_text\">Jardin<\/div><\/li>\n\n<li class=\"et_pb_icon_list_item_5 et_pb_icon_list_item et_pb_module et_flex_module\"><span class=\"et-pb-icon\">N<\/span><div class=\"et_pb_icon_list_text\">Mobilier de salon<\/div><\/li>\n\n<li class=\"et_pb_icon_list_item_6 et_pb_icon_list_item et_pb_module et_flex_module\"><span class=\"et-pb-icon\">N<\/span><div class=\"et_pb_icon_list_text\">Parking<\/div><\/li>\n\n<li class=\"et_pb_icon_list_item_7 et_pb_icon_list_item et_pb_module et_flex_module\"><span class=\"et-pb-icon\">N<\/span><div class=\"et_pb_icon_list_text\">Internet par fibre optique\/TV\/LAN dans la chambre <\/div><\/li>\n\n<li class=\"et_pb_icon_list_item_8 et_pb_icon_list_item et_pb_module et_flex_module\"><span class=\"et-pb-icon\">N<\/span><div class=\"et_pb_icon_list_text\">Caf\u00e9\/Th\u00e9<\/div><\/li>\n\n<li class=\"et_pb_icon_list_item_9 et_pb_icon_list_item et_pb_module et_flex_module\"><span class=\"et-pb-icon\">N<\/span><div class=\"et_pb_icon_list_text\">Salle de bain priv\u00e9e<\/div><\/li>\n<\/ul>\n<\/div>\n<\/div>\n<\/div>\n\n<div class=\"et_pb_section_3 et_pb_section et_section_regular et_flex_section\">\n<div class=\"et_pb_row_3 et_pb_row et_flex_row preset--module--divi-row--default\">\n<div class=\"et_pb_column_4 et_pb_column et_flex_column et_pb_css_mix_blend_mode_passthrough et_flex_column_8_24 et_flex_column_8_24_tablet et_flex_column_12_24_phone\">\n<div class=\"et_pb_image_7 et_pb_image et_pb_module et_flex_module\"><a href=\"https:\/\/bluedothotel.fr\/wp-content\/uploads\/2026\/03\/Room.jpg\" class=\"et_pb_lightbox_image\"><span class=\"et_pb_image_wrap\"><img loading=\"lazy\" decoding=\"async\" src=\"https:\/\/bluedothotel.fr\/wp-content\/uploads\/2026\/03\/Room.jpg\" title=\"Chambre\" width=\"800\" height=\"800\" srcset=\"https:\/\/bluedothotel.fr\/wp-content\/uploads\/2026\/03\/Room.jpg 800w, https:\/\/bluedothotel.fr\/wp-content\/uploads\/2026\/03\/Room-480x480.jpg 480w\" sizes=\"(min-width: 0px) and (max-width: 480px) 480px, (min-width: 481px) 800px, 100vw\" class=\"wp-image-571\" \/><\/span><\/a><\/div>\n\n<div class=\"et_pb_text_4 et_pb_text et_pb_bg_layout_light et_animated et_pb_module et_flex_module\"><div class=\"et_pb_text_inner\"><h4>Chambre<\/h4>\n<\/div><\/div>\n<\/div>\n\n<div class=\"et_pb_column_5 et_pb_column et_flex_column et_pb_css_mix_blend_mode_passthrough et_flex_column_8_24 et_flex_column_8_24_tablet et_flex_column_12_24_phone\">\n<div class=\"et_pb_image_8 et_pb_image et_pb_module et_flex_module\"><a href=\"https:\/\/bluedothotel.fr\/wp-content\/uploads\/2026\/01\/vegan-bed-and-breakfast-france-pool.jpg\" class=\"et_pb_lightbox_image\"><span class=\"et_pb_image_wrap\"><img loading=\"lazy\" decoding=\"async\" src=\"https:\/\/bluedothotel.fr\/wp-content\/uploads\/2026\/01\/vegan-bed-and-breakfast-france-pool.jpg\" title=\"chambre d&#039;h\u00f4tes vegan france piscine\" width=\"800\" height=\"800\" srcset=\"https:\/\/bluedothotel.fr\/wp-content\/uploads\/2026\/01\/vegan-bed-and-breakfast-france-pool.jpg 800w, https:\/\/bluedothotel.fr\/wp-content\/uploads\/2026\/01\/vegan-bed-and-breakfast-france-pool-480x480.jpg 480w\" sizes=\"(min-width: 0px) and (max-width: 480px) 480px, (min-width: 481px) 800px, 100vw\" class=\"wp-image-446\" \/><\/span><\/a><\/div>\n\n<div class=\"et_pb_text_5 et_pb_text et_pb_bg_layout_light et_animated et_pb_module et_flex_module\"><div class=\"et_pb_text_inner\"><h4>Piscine<\/h4>\n<\/div><\/div>\n<\/div>\n\n<div class=\"et_pb_column_6 et_pb_column et_flex_column et_pb_css_mix_blend_mode_passthrough et_flex_column_8_24 et_flex_column_8_24_tablet et_flex_column_12_24_phone\">\n<div class=\"et_pb_image_9 et_pb_image et_pb_module et_flex_module\"><a href=\"https:\/\/bluedothotel.fr\/wp-content\/uploads\/2026\/01\/vegan-bed-and-breakfast-france-bar.jpg\" class=\"et_pb_lightbox_image\"><span class=\"et_pb_image_wrap\"><img loading=\"lazy\" decoding=\"async\" src=\"https:\/\/bluedothotel.fr\/wp-content\/uploads\/2026\/01\/vegan-bed-and-breakfast-france-bar.jpg\" title=\"chambre d&#039;h\u00f4tes v\u00e9g\u00e9talienne France bar\" width=\"800\" height=\"800\" srcset=\"https:\/\/bluedothotel.fr\/wp-content\/uploads\/2026\/01\/vegan-bed-and-breakfast-france-bar.jpg 800w, https:\/\/bluedothotel.fr\/wp-content\/uploads\/2026\/01\/vegan-bed-and-breakfast-france-bar-480x480.jpg 480w\" sizes=\"(min-width: 0px) and (max-width: 480px) 480px, (min-width: 481px) 800px, 100vw\" class=\"wp-image-443\" \/><\/span><\/a><\/div>\n\n<div class=\"et_pb_text_6 et_pb_text et_pb_bg_layout_light et_animated et_pb_module et_flex_module\"><div class=\"et_pb_text_inner\"><h4>Bar ext\u00e9rieur<\/h4>\n<\/div><\/div>\n<\/div>\n\n<div class=\"et_pb_column_7 et_pb_column et-last-child et_flex_column et_pb_css_mix_blend_mode_passthrough et_flex_column_8_24 et_flex_column_8_24_tablet et_flex_column_12_24_phone\">\n<div class=\"et_pb_image_10 et_pb_image et_pb_module et_flex_module\"><a href=\"https:\/\/bluedothotel.fr\/wp-content\/uploads\/2026\/01\/vegan-bed-and-breakfast-france-kitchen.jpg\" class=\"et_pb_lightbox_image\"><span class=\"et_pb_image_wrap\"><img loading=\"lazy\" decoding=\"async\" src=\"https:\/\/bluedothotel.fr\/wp-content\/uploads\/2026\/01\/vegan-bed-and-breakfast-france-kitchen.jpg\" title=\"chambre d&#039;h\u00f4tes v\u00e9g\u00e9talienne France cuisine\" width=\"800\" height=\"800\" srcset=\"https:\/\/bluedothotel.fr\/wp-content\/uploads\/2026\/01\/vegan-bed-and-breakfast-france-kitchen.jpg 800w, https:\/\/bluedothotel.fr\/wp-content\/uploads\/2026\/01\/vegan-bed-and-breakfast-france-kitchen-480x480.jpg 480w\" sizes=\"(min-width: 0px) and (max-width: 480px) 480px, (min-width: 481px) 800px, 100vw\" class=\"wp-image-445\" \/><\/span><\/a><\/div>\n\n<div class=\"et_pb_text_7 et_pb_text et_pb_bg_layout_light et_animated et_pb_module et_flex_module\"><div class=\"et_pb_text_inner\"><h4>Repas \u00e0 l'ext\u00e9rieur\/petit-d\u00e9jeuner<\/h4>\n<\/div><\/div>\n<\/div>\n<\/div>\n<\/div>","protected":false},"excerpt":{"rendered":"","protected":false},"author":1,"featured_media":0,"parent":0,"menu_order":0,"comment_status":"closed","ping_status":"closed","template":"","meta":{"footnotes":""},"class_list":["post-42","page","type-page","status-publish","hentry"],"yoast_head":"<!-- This site is optimized with the Yoast SEO plugin v27.4 - https:\/\/yoast.com\/product\/yoast-seo-wordpress\/ -->\n<title>Accommodations - Blue Dot Hotel<\/title>\n<meta name=\"robots\" content=\"index, follow, max-snippet:-1, max-image-preview:large, max-video-preview:-1\" \/>\n<link rel=\"canonical\" href=\"https:\/\/bluedothotel.fr\/fr\/hebergement\/\" \/>\n<meta property=\"og:locale\" content=\"fr_FR\" \/>\n<meta property=\"og:type\" content=\"article\" \/>\n<meta property=\"og:title\" content=\"Accommodations - Blue Dot Hotel\" \/>\n<meta property=\"og:url\" content=\"https:\/\/bluedothotel.fr\/fr\/hebergement\/\" \/>\n<meta property=\"og:site_name\" content=\"Blue Dot Hotel\" \/>\n<meta property=\"article:modified_time\" content=\"2026-03-19T08:01:33+00:00\" \/>\n<meta name=\"twitter:card\" content=\"summary_large_image\" \/>\n<script type=\"application\/ld+json\" class=\"yoast-schema-graph\">{\"@context\":\"https:\\\/\\\/schema.org\",\"@graph\":[{\"@type\":\"WebPage\",\"@id\":\"https:\\\/\\\/bluedothotel.fr\\\/accommodations\\\/\",\"url\":\"https:\\\/\\\/bluedothotel.fr\\\/accommodations\\\/\",\"name\":\"Accommodations - Blue Dot Hotel\",\"isPartOf\":{\"@id\":\"https:\\\/\\\/bluedothotel.fr\\\/#website\"},\"datePublished\":\"2025-12-05T14:46:29+00:00\",\"dateModified\":\"2026-03-19T08:01:33+00:00\",\"breadcrumb\":{\"@id\":\"https:\\\/\\\/bluedothotel.fr\\\/accommodations\\\/#breadcrumb\"},\"inLanguage\":\"fr-FR\",\"potentialAction\":[{\"@type\":\"ReadAction\",\"target\":[\"https:\\\/\\\/bluedothotel.fr\\\/accommodations\\\/\"]}]},{\"@type\":\"BreadcrumbList\",\"@id\":\"https:\\\/\\\/bluedothotel.fr\\\/accommodations\\\/#breadcrumb\",\"itemListElement\":[{\"@type\":\"ListItem\",\"position\":1,\"name\":\"Home\",\"item\":\"https:\\\/\\\/bluedothotel.fr\\\/\"},{\"@type\":\"ListItem\",\"position\":2,\"name\":\"Accommodations\"}]},{\"@type\":\"WebSite\",\"@id\":\"https:\\\/\\\/bluedothotel.fr\\\/#website\",\"url\":\"https:\\\/\\\/bluedothotel.fr\\\/\",\"name\":\"Blue Dot Hotel\",\"description\":\"100% Vegan B&amp;B\",\"publisher\":{\"@id\":\"https:\\\/\\\/bluedothotel.fr\\\/#organization\"},\"potentialAction\":[{\"@type\":\"SearchAction\",\"target\":{\"@type\":\"EntryPoint\",\"urlTemplate\":\"https:\\\/\\\/bluedothotel.fr\\\/?s={search_term_string}\"},\"query-input\":{\"@type\":\"PropertyValueSpecification\",\"valueRequired\":true,\"valueName\":\"search_term_string\"}}],\"inLanguage\":\"fr-FR\"},{\"@type\":\"Organization\",\"@id\":\"https:\\\/\\\/bluedothotel.fr\\\/#organization\",\"name\":\"Blue Dot Hotel\",\"url\":\"https:\\\/\\\/bluedothotel.fr\\\/\",\"logo\":{\"@type\":\"ImageObject\",\"inLanguage\":\"fr-FR\",\"@id\":\"https:\\\/\\\/bluedothotel.fr\\\/#\\\/schema\\\/logo\\\/image\\\/\",\"url\":\"https:\\\/\\\/bluedothotel.fr\\\/wp-content\\\/uploads\\\/2026\\\/01\\\/vegan-bed-and-breakfast-france-logo.png\",\"contentUrl\":\"https:\\\/\\\/bluedothotel.fr\\\/wp-content\\\/uploads\\\/2026\\\/01\\\/vegan-bed-and-breakfast-france-logo.png\",\"width\":500,\"height\":94,\"caption\":\"Blue Dot Hotel\"},\"image\":{\"@id\":\"https:\\\/\\\/bluedothotel.fr\\\/#\\\/schema\\\/logo\\\/image\\\/\"}}]}<\/script>\n<!-- \/ Yoast SEO plugin. -->","yoast_head_json":{"title":"H\u00e9bergements - H\u00f4tel Blue Dot","robots":{"index":"index","follow":"follow","max-snippet":"max-snippet:-1","max-image-preview":"max-image-preview:large","max-video-preview":"max-video-preview:-1"},"canonical":"https:\/\/bluedothotel.fr\/fr\/hebergement\/","og_locale":"fr_FR","og_type":"article","og_title":"Accommodations - Blue Dot Hotel","og_url":"https:\/\/bluedothotel.fr\/fr\/hebergement\/","og_site_name":"Blue Dot Hotel","article_modified_time":"2026-03-19T08:01:33+00:00","twitter_card":"summary_large_image","schema":{"@context":"https:\/\/schema.org","@graph":[{"@type":"WebPage","@id":"https:\/\/bluedothotel.fr\/accommodations\/","url":"https:\/\/bluedothotel.fr\/accommodations\/","name":"H\u00e9bergements - H\u00f4tel Blue Dot","isPartOf":{"@id":"https:\/\/bluedothotel.fr\/#website"},"datePublished":"2025-12-05T14:46:29+00:00","dateModified":"2026-03-19T08:01:33+00:00","breadcrumb":{"@id":"https:\/\/bluedothotel.fr\/accommodations\/#breadcrumb"},"inLanguage":"fr-FR","potentialAction":[{"@type":"ReadAction","target":["https:\/\/bluedothotel.fr\/accommodations\/"]}]},{"@type":"BreadcrumbList","@id":"https:\/\/bluedothotel.fr\/accommodations\/#breadcrumb","itemListElement":[{"@type":"ListItem","position":1,"name":"Home","item":"https:\/\/bluedothotel.fr\/"},{"@type":"ListItem","position":2,"name":"Accommodations"}]},{"@type":"WebSite","@id":"https:\/\/bluedothotel.fr\/#website","url":"https:\/\/bluedothotel.fr\/","name":"H\u00f4tel Blue Dot","description":"100% Vegan B&amp;B","publisher":{"@id":"https:\/\/bluedothotel.fr\/#organization"},"potentialAction":[{"@type":"SearchAction","target":{"@type":"EntryPoint","urlTemplate":"https:\/\/bluedothotel.fr\/?s={search_term_string}"},"query-input":{"@type":"PropertyValueSpecification","valueRequired":true,"valueName":"search_term_string"}}],"inLanguage":"fr-FR"},{"@type":"Organization","@id":"https:\/\/bluedothotel.fr\/#organization","name":"H\u00f4tel Blue Dot","url":"https:\/\/bluedothotel.fr\/","logo":{"@type":"ImageObject","inLanguage":"fr-FR","@id":"https:\/\/bluedothotel.fr\/#\/schema\/logo\/image\/","url":"https:\/\/bluedothotel.fr\/wp-content\/uploads\/2026\/01\/vegan-bed-and-breakfast-france-logo.png","contentUrl":"https:\/\/bluedothotel.fr\/wp-content\/uploads\/2026\/01\/vegan-bed-and-breakfast-france-logo.png","width":500,"height":94,"caption":"Blue Dot Hotel"},"image":{"@id":"https:\/\/bluedothotel.fr\/#\/schema\/logo\/image\/"}}]}},"_links":{"self":[{"href":"https:\/\/bluedothotel.fr\/fr\/wp-json\/wp\/v2\/pages\/42","targetHints":{"allow":["GET"]}}],"collection":[{"href":"https:\/\/bluedothotel.fr\/fr\/wp-json\/wp\/v2\/pages"}],"about":[{"href":"https:\/\/bluedothotel.fr\/fr\/wp-json\/wp\/v2\/types\/page"}],"author":[{"embeddable":true,"href":"https:\/\/bluedothotel.fr\/fr\/wp-json\/wp\/v2\/users\/1"}],"replies":[{"embeddable":true,"href":"https:\/\/bluedothotel.fr\/fr\/wp-json\/wp\/v2\/comments?post=42"}],"version-history":[{"count":29,"href":"https:\/\/bluedothotel.fr\/fr\/wp-json\/wp\/v2\/pages\/42\/revisions"}],"predecessor-version":[{"id":609,"href":"https:\/\/bluedothotel.fr\/fr\/wp-json\/wp\/v2\/pages\/42\/revisions\/609"}],"wp:attachment":[{"href":"https:\/\/bluedothotel.fr\/fr\/wp-json\/wp\/v2\/media?parent=42"}],"curies":[{"name":"wp","href":"https:\/\/api.w.org\/{rel}","templated":true}]}}